{"id":12944,"date":"2022-06-29T10:21:09","date_gmt":"2022-06-29T08:21:09","guid":{"rendered":"https:\/\/officehotel.dk\/?page_id=12944"},"modified":"2025-01-17T15:54:50","modified_gmt":"2025-01-17T14:54:50","slug":"tak-for-din-besked","status":"publish","type":"page","link":"http:\/\/officehotel.dk\/en\/tak-for-din-besked\/","title":{"rendered":"Tak for din besked"},"content":{"rendered":"\t\t<div data-elementor-type=\"wp-page\" data-elementor-id=\"12944\" class=\"elementor elementor-12944\" data-elementor-post-type=\"page\">\n\t\t\t\t\t\t<section data-particle_enable=\"false\" data-particle-mobile-disabled=\"false\" class=\"elementor-section elementor-top-section elementor-element elementor-element-904de2a elementor-section-height-min-height elementor-section-content-middle elementor-section-boxed elementor-section-height-default elementor-section-items-middle\" data-id=\"904de2a\" data-element_type=\"section\" data-e-type=\"section\" data-settings=\"{&quot;background_background&quot;:&quot;classic&quot;,&quot;background_motion_fx_motion_fx_scrolling&quot;:&quot;yes&quot;,&quot;background_motion_fx_devices&quot;:[&quot;desktop&quot;,&quot;tablet&quot;,&quot;mobile&quot;]}\">\n\t\t\t\t\t\t\t<div class=\"elementor-background-overlay\"><\/div>\n\t\t\t\t\t\t\t<div class=\"elementor-container elementor-column-gap-no\">\n\t\t\t\t\t<div class=\"elementor-column elementor-col-100 elementor-top-column elementor-element elementor-element-227772ca column-style-top\" data-id=\"227772ca\" data-element_type=\"column\" data-e-type=\"column\">\n\t\t\t<div class=\"elementor-widget-wrap\">\n\t\t\t\t\t\t\t<\/div>\n\t\t<\/div>\n\t\t\t\t\t<\/div>\n\t\t<\/section>\n\t\t\t\t<section data-particle_enable=\"false\" data-particle-mobile-disabled=\"false\" class=\"elementor-section elementor-top-section elementor-element elementor-element-bf2635a elementor-section-boxed elementor-section-height-default elementor-section-height-default\" data-id=\"bf2635a\" data-element_type=\"section\" data-e-type=\"section\" data-settings=\"{&quot;background_background&quot;:&quot;classic&quot;}\">\n\t\t\t\t\t\t<div class=\"elementor-container elementor-column-gap-default\">\n\t\t\t\t\t<div class=\"elementor-column elementor-col-100 elementor-top-column elementor-element elementor-element-2b9a356 column-style-top\" data-id=\"2b9a356\" data-element_type=\"column\" data-e-type=\"column\">\n\t\t\t<div class=\"elementor-widget-wrap elementor-element-populated\">\n\t\t\t\t\t\t<div class=\"elementor-element elementor-element-1fbb21c elementor-widget elementor-widget-heading\" data-id=\"1fbb21c\" data-element_type=\"widget\" data-e-type=\"widget\" data-widget_type=\"heading.default\">\n\t\t\t\t<div class=\"elementor-widget-container\">\n\t\t\t\t\t<h2 class=\"elementor-heading-title elementor-size-default\">Tusind tak for din foresp\u00f8rgsel !<\/h2>\t\t\t\t<\/div>\n\t\t\t\t<\/div>\n\t\t\t\t<div class=\"elementor-element elementor-element-491ebe8 elementor-widget elementor-widget-text-editor\" data-id=\"491ebe8\" data-element_type=\"widget\" data-e-type=\"widget\" data-widget_type=\"text-editor.default\">\n\t\t\t\t<div class=\"elementor-widget-container\">\n\t\t\t\t\t\t\t\t\t<p>Vi kontakter dig hurtigst muligt.<\/p>\t\t\t\t\t\t\t\t<\/div>\n\t\t\t\t<\/div>\n\t\t\t\t<div class=\"elementor-element elementor-element-329ebf2 elementor-shape-circle elementor-grid-0 e-grid-align-center elementor-widget elementor-widget-social-icons\" data-id=\"329ebf2\" data-element_type=\"widget\" data-e-type=\"widget\" data-widget_type=\"social-icons.default\">\n\t\t\t\t<div class=\"elementor-widget-container\">\n\t\t\t\t\t\t\t<div class=\"elementor-social-icons-wrapper elementor-grid\" role=\"list\">\n\t\t\t\t\t\t\t<span class=\"elementor-grid-item\" role=\"listitem\">\n\t\t\t\t\t<a class=\"elementor-icon elementor-social-icon elementor-social-icon-facebook-f elementor-animation-grow elementor-repeater-item-9c86cde\" href=\"https:\/\/www.facebook.com\/officehotel.dk\/\" target=\"_blank\">\n\t\t\t\t\t\t<span class=\"elementor-screen-only\">Facebook-f<\/span>\n\t\t\t\t\t\t<i aria-hidden=\"true\" class=\"fab fa-facebook-f\"><\/i>\t\t\t\t\t<\/a>\n\t\t\t\t<\/span>\n\t\t\t\t\t\t\t<span class=\"elementor-grid-item\" role=\"listitem\">\n\t\t\t\t\t<a class=\"elementor-icon elementor-social-icon elementor-social-icon-instagram elementor-animation-grow elementor-repeater-item-7bcbd9e\" href=\"https:\/\/www.instagram.com\/officehotel.dk\/\" target=\"_blank\">\n\t\t\t\t\t\t<span class=\"elementor-screen-only\">Instagram<\/span>\n\t\t\t\t\t\t<i aria-hidden=\"true\" class=\"fab fa-instagram\"><\/i>\t\t\t\t\t<\/a>\n\t\t\t\t<\/span>\n\t\t\t\t\t\t\t<span class=\"elementor-grid-item\" role=\"listitem\">\n\t\t\t\t\t<a class=\"elementor-icon elementor-social-icon elementor-social-icon-linkedin elementor-animation-grow elementor-repeater-item-bd5677f\" href=\"https:\/\/www.linkedin.com\/company\/37477386\/\" target=\"_blank\">\n\t\t\t\t\t\t<span class=\"elementor-screen-only\">Linkedin<\/span>\n\t\t\t\t\t\t<i aria-hidden=\"true\" class=\"fab fa-linkedin\"><\/i>\t\t\t\t\t<\/a>\n\t\t\t\t<\/span>\n\t\t\t\t\t\t\t<span class=\"elementor-grid-item\" role=\"listitem\">\n\t\t\t\t\t<a class=\"elementor-icon elementor-social-icon elementor-social-icon-youtube elementor-animation-grow elementor-repeater-item-31673c9\" href=\"https:\/\/www.youtube.com\/channel\/UCivtr-jB0TSKtcnBNKT4R-Q\/featured\" target=\"_blank\">\n\t\t\t\t\t\t<span class=\"elementor-screen-only\">Youtube<\/span>\n\t\t\t\t\t\t<i aria-hidden=\"true\" class=\"fab fa-youtube\"><\/i>\t\t\t\t\t<\/a>\n\t\t\t\t<\/span>\n\t\t\t\t\t<\/div>\n\t\t\t\t\t\t<\/div>\n\t\t\t\t<\/div>\n\t\t\t\t\t<\/div>\n\t\t<\/div>\n\t\t\t\t\t<\/div>\n\t\t<\/section>\n\t\t\t\t<section data-particle_enable=\"false\" data-particle-mobile-disabled=\"false\" class=\"elementor-section elementor-top-section elementor-element elementor-element-79ea77be elementor-section-full_width elementor-section-height-default elementor-section-height-default\" data-id=\"79ea77be\" data-element_type=\"section\" data-e-type=\"section\">\n\t\t\t\t\t\t<div class=\"elementor-container elementor-column-gap-default\">\n\t\t\t\t\t<div class=\"elementor-column elementor-col-100 elementor-top-column elementor-element elementor-element-3959322a column-style-top\" data-id=\"3959322a\" data-element_type=\"column\" data-e-type=\"column\">\n\t\t\t<div class=\"elementor-widget-wrap elementor-element-populated\">\n\t\t\t\t\t\t<div class=\"elementor-element elementor-element-279ddf24 elementor-widget-divider--view-line_text elementor-widget-divider--element-align-left elementor-widget elementor-widget-divider\" data-id=\"279ddf24\" data-element_type=\"widget\" data-e-type=\"widget\" data-widget_type=\"divider.default\">\n\t\t\t\t<div class=\"elementor-widget-container\">\n\t\t\t\t\t\t\t<div class=\"elementor-divider\">\n\t\t\t<span class=\"elementor-divider-separator\">\n\t\t\t\t\t\t\t<span class=\"elementor-divider__text elementor-divider__element\">\n\t\t\t\tMere om <b>Officehotel<\/b>\t\t\t\t<\/span>\n\t\t\t\t\t\t<\/span>\n\t\t<\/div>\n\t\t\t\t\t\t<\/div>\n\t\t\t\t<\/div>\n\t\t\t\t<div class=\"elementor-element elementor-element-718f5ac0 elementor-widget elementor-widget-spacer\" data-id=\"718f5ac0\" data-element_type=\"widget\" data-e-type=\"widget\" data-widget_type=\"spacer.default\">\n\t\t\t\t<div class=\"elementor-widget-container\">\n\t\t\t\t\t\t\t<div class=\"elementor-spacer\">\n\t\t\t<div class=\"elementor-spacer-inner\"><\/div>\n\t\t<\/div>\n\t\t\t\t\t\t<\/div>\n\t\t\t\t<\/div>\n\t\t\t\t<div class=\"elementor-element elementor-element-5730fa67 elementor-grid-3 elementor-grid-tablet-2 elementor-grid-mobile-1 elementor-posts--thumbnail-top elementor-widget elementor-widget-global elementor-global-10674 elementor-widget-posts\" data-id=\"5730fa67\" data-element_type=\"widget\" data-e-type=\"widget\" data-settings=\"{&quot;classic_row_gap&quot;:{&quot;unit&quot;:&quot;px&quot;,&quot;size&quot;:&quot;50&quot;,&quot;sizes&quot;:[]},&quot;classic_columns&quot;:&quot;3&quot;,&quot;classic_columns_tablet&quot;:&quot;2&quot;,&quot;classic_columns_mobile&quot;:&quot;1&quot;,&quot;classic_row_gap_tablet&quot;:{&quot;unit&quot;:&quot;px&quot;,&quot;size&quot;:&quot;&quot;,&quot;sizes&quot;:[]},&quot;classic_row_gap_mobile&quot;:{&quot;unit&quot;:&quot;px&quot;,&quot;size&quot;:&quot;&quot;,&quot;sizes&quot;:[]}}\" data-widget_type=\"posts.classic\">\n\t\t\t\t<div class=\"elementor-widget-container\">\n\t\t\t\t\t\t\t<div class=\"elementor-posts-container elementor-posts elementor-posts--skin-classic elementor-grid\" role=\"list\">\n\t\t\t\t<article class=\"elementor-post elementor-grid-item post-10818 page type-page status-publish has-post-thumbnail hentry category-artikel\" role=\"listitem\">\n\t\t\t\t<a class=\"elementor-post__thumbnail__link\" href=\"http:\/\/officehotel.dk\/en\/kontorgaranti\/\" tabindex=\"-1\" target=&quot;_blank&quot;>\n\t\t\t<div class=\"elementor-post__thumbnail\"><img fetchpriority=\"high\" decoding=\"async\" width=\"750\" height=\"510\" src=\"https:\/\/officehotel.dk\/wp-content\/uploads\/2021\/11\/Billede_750x510_kontorgaranti.webp\" class=\"attachment-medium size-medium wp-image-11921\" alt=\"\" \/><\/div>\n\t\t<\/a>\n\t\t\t\t<div class=\"elementor-post__text\">\n\t\t\t\t<h3 class=\"elementor-post__title\">\n\t\t\t<a href=\"http:\/\/officehotel.dk\/en\/kontorgaranti\/\" target=&quot;_blank&quot;>\n\t\t\t\tKontorgaranti\t\t\t<\/a>\n\t\t<\/h3>\n\t\t\t\t<div class=\"elementor-post__excerpt\">\n\t\t\t<p>Vi garanterer dig et lokale &#8211; og hj\u00e6lper dig ud af dobbelt husleje. Afh\u00e6ngigt af,<\/p>\n\t\t<\/div>\n\t\t\n\t\t<a class=\"elementor-post__read-more\" href=\"http:\/\/officehotel.dk\/en\/kontorgaranti\/\" aria-label=\"Read more about Kontorgaranti\" tabindex=\"-1\" target=\"_blank\">\n\t\t\tL\u00e6s mere \u00bb\t\t<\/a>\n\n\t\t\t\t<\/div>\n\t\t\t\t<\/article>\n\t\t\t\t<article class=\"elementor-post elementor-grid-item post-10505 page type-page status-publish has-post-thumbnail hentry category-artikel\" role=\"listitem\">\n\t\t\t\t<a class=\"elementor-post__thumbnail__link\" href=\"http:\/\/officehotel.dk\/en\/kontormoebler\/\" tabindex=\"-1\" target=&quot;_blank&quot;>\n\t\t\t<div class=\"elementor-post__thumbnail\"><img decoding=\"async\" width=\"750\" height=\"510\" src=\"https:\/\/officehotel.dk\/wp-content\/uploads\/2021\/11\/Billede_750x510_kontormoebler.webp\" class=\"attachment-medium size-medium wp-image-11930\" alt=\"\" \/><\/div>\n\t\t<\/a>\n\t\t\t\t<div class=\"elementor-post__text\">\n\t\t\t\t<h3 class=\"elementor-post__title\">\n\t\t\t<a href=\"http:\/\/officehotel.dk\/en\/kontormoebler\/\" target=&quot;_blank&quot;>\n\t\t\t\tKontorm\u00f8bler\t\t\t<\/a>\n\t\t<\/h3>\n\t\t\t\t<div class=\"elementor-post__excerpt\">\n\t\t\t<p>M\u00f8bler til dit nye kontor &#8211; hvad skal du v\u00e6lge? Hos Officehotel erfarer vi, at<\/p>\n\t\t<\/div>\n\t\t\n\t\t<a class=\"elementor-post__read-more\" href=\"http:\/\/officehotel.dk\/en\/kontormoebler\/\" aria-label=\"Read more about Kontorm\u00f8bler\" tabindex=\"-1\" target=\"_blank\">\n\t\t\tL\u00e6s mere \u00bb\t\t<\/a>\n\n\t\t\t\t<\/div>\n\t\t\t\t<\/article>\n\t\t\t\t<article class=\"elementor-post elementor-grid-item post-9092 page type-page status-publish has-post-thumbnail hentry category-artikel\" role=\"listitem\">\n\t\t\t\t<a class=\"elementor-post__thumbnail__link\" href=\"http:\/\/officehotel.dk\/en\/naar-din-virksomhed-vaekster\/\" tabindex=\"-1\" target=&quot;_blank&quot;>\n\t\t\t<div class=\"elementor-post__thumbnail\"><img decoding=\"async\" width=\"750\" height=\"510\" src=\"https:\/\/officehotel.dk\/wp-content\/uploads\/2021\/11\/Billede_750x510_naardinvirksomhedvaekster.webp\" class=\"attachment-medium size-medium wp-image-11912\" alt=\"\" \/><\/div>\n\t\t<\/a>\n\t\t\t\t<div class=\"elementor-post__text\">\n\t\t\t\t<h3 class=\"elementor-post__title\">\n\t\t\t<a href=\"http:\/\/officehotel.dk\/en\/naar-din-virksomhed-vaekster\/\" target=&quot;_blank&quot;>\n\t\t\t\tN\u00e5r din virksomhed v\u00e6kster\t\t\t<\/a>\n\t\t<\/h3>\n\t\t\t\t<div class=\"elementor-post__excerpt\">\n\t\t\t<p>Vi har flere lejere, der har flyttet kontorlokale p\u00e5 samme adresse. Det g\u00f8r de, enten<\/p>\n\t\t<\/div>\n\t\t\n\t\t<a class=\"elementor-post__read-more\" href=\"http:\/\/officehotel.dk\/en\/naar-din-virksomhed-vaekster\/\" aria-label=\"Read more about N\u00e5r din virksomhed v\u00e6kster\" tabindex=\"-1\" target=\"_blank\">\n\t\t\tL\u00e6s mere \u00bb\t\t<\/a>\n\n\t\t\t\t<\/div>\n\t\t\t\t<\/article>\n\t\t\t\t<\/div>\n\t\t\n\t\t\t\t\t\t<\/div>\n\t\t\t\t<\/div>\n\t\t\t\t<div class=\"elementor-element elementor-element-55ec4697 elementor-widget elementor-widget-spacer\" data-id=\"55ec4697\" data-element_type=\"widget\" data-e-type=\"widget\" data-widget_type=\"spacer.default\">\n\t\t\t\t<div class=\"elementor-widget-container\">\n\t\t\t\t\t\t\t<div class=\"elementor-spacer\">\n\t\t\t<div class=\"elementor-spacer-inner\"><\/div>\n\t\t<\/div>\n\t\t\t\t\t\t<\/div>\n\t\t\t\t<\/div>\n\t\t\t\t\t<\/div>\n\t\t<\/div>\n\t\t\t\t\t<\/div>\n\t\t<\/section>\n\t\t\t\t<\/div>\n\t\t","protected":false},"excerpt":{"rendered":"<p>Tusind tak for din foresp\u00f8rgsel ! Vi kontakter dig hurtigst muligt. Facebook-f Instagram Linkedin Youtube Mere om Officehotel<\/p>","protected":false},"author":1,"featured_media":0,"parent":0,"menu_order":0,"comment_status":"closed","ping_status":"closed","template":"","meta":{"footnotes":""},"categories":[],"tags":[],"class_list":["post-12944","page","type-page","status-publish","hentry"],"yoast_head":"<!-- This site is optimized with the Yoast SEO Premium plugin v27.6 (Yoast SEO v27.6) - https:\/\/yoast.com\/product\/yoast-seo-premium-wordpress\/ -->\n<title>Tak for din besked | Officehotel<\/title>\n<meta name=\"description\" content=\"Leder du efter nyt kontorlokale? Book en fremvisning af vores lokaler p\u00e5 kontorhotel i Br\u00f8nsh\u00f8j eller Valby. Det er gratis og uforpligtende.\" \/>\n<meta name=\"robots\" content=\"index, follow, max-snippet:-1, max-image-preview:large, max-video-preview:-1\" \/>\n<link rel=\"canonical\" href=\"https:\/\/officehotel.dk\/en\/book-en-fremvisning\/\" \/>\n<meta property=\"og:locale\" content=\"en_GB\" \/>\n<meta property=\"og:type\" content=\"article\" \/>\n<meta property=\"og:title\" content=\"Tak for din besked\" \/>\n<meta property=\"og:description\" content=\"Leder du efter nyt kontorlokale? Book en fremvisning af vores lokaler p\u00e5 kontorhotel i Br\u00f8nsh\u00f8j eller Valby. Det er gratis og uforpligtende.\" \/>\n<meta property=\"og:url\" content=\"https:\/\/officehotel.dk\/en\/book-en-fremvisning\/\" \/>\n<meta property=\"og:site_name\" content=\"Officehotel\" \/>\n<meta property=\"article:publisher\" content=\"https:\/\/www.facebook.com\/officehotel.dk\/\" \/>\n<meta property=\"article:modified_time\" content=\"2025-01-17T14:54:50+00:00\" \/>\n<meta name=\"twitter:card\" content=\"summary_large_image\" \/>\n<meta name=\"twitter:label1\" content=\"Estimated reading time\" \/>\n\t<meta name=\"twitter:data1\" content=\"2 minutes\" \/>\n<script type=\"application\/ld+json\" class=\"yoast-schema-graph\">{\"@context\":\"https:\\\/\\\/schema.org\",\"@graph\":[{\"@type\":\"WebPage\",\"@id\":\"https:\\\/\\\/officehotel.dk\\\/tak-for-din-besked\\\/\",\"url\":\"https:\\\/\\\/officehotel.dk\\\/book-en-fremvisning\\\/\",\"name\":\"Tak for din besked | Officehotel\",\"isPartOf\":{\"@id\":\"https:\\\/\\\/officehotel.dk\\\/#website\"},\"datePublished\":\"2022-06-29T08:21:09+00:00\",\"dateModified\":\"2025-01-17T14:54:50+00:00\",\"description\":\"Leder du efter nyt kontorlokale? Book en fremvisning af vores lokaler p\u00e5 kontorhotel i Br\u00f8nsh\u00f8j eller Valby. Det er gratis og uforpligtende.\",\"breadcrumb\":{\"@id\":\"https:\\\/\\\/officehotel.dk\\\/book-en-fremvisning\\\/#breadcrumb\"},\"inLanguage\":\"en-GB\",\"potentialAction\":[{\"@type\":\"ReadAction\",\"target\":[\"https:\\\/\\\/officehotel.dk\\\/book-en-fremvisning\\\/\"]}]},{\"@type\":\"BreadcrumbList\",\"@id\":\"https:\\\/\\\/officehotel.dk\\\/book-en-fremvisning\\\/#breadcrumb\",\"itemListElement\":[{\"@type\":\"ListItem\",\"position\":1,\"name\":\"Hjem\",\"item\":\"https:\\\/\\\/officehotel.dk\\\/\"},{\"@type\":\"ListItem\",\"position\":2,\"name\":\"Tak for din besked\"}]},{\"@type\":\"WebSite\",\"@id\":\"https:\\\/\\\/officehotel.dk\\\/#website\",\"url\":\"https:\\\/\\\/officehotel.dk\\\/\",\"name\":\"Officehotel\",\"description\":\"Kontorhotel med \u00e6rlige priser\",\"publisher\":{\"@id\":\"https:\\\/\\\/officehotel.dk\\\/#organization\"},\"potentialAction\":[{\"@type\":\"SearchAction\",\"target\":{\"@type\":\"EntryPoint\",\"urlTemplate\":\"https:\\\/\\\/officehotel.dk\\\/?s={search_term_string}\"},\"query-input\":{\"@type\":\"PropertyValueSpecification\",\"valueRequired\":true,\"valueName\":\"search_term_string\"}}],\"inLanguage\":\"en-GB\"},{\"@type\":\"Organization\",\"@id\":\"https:\\\/\\\/officehotel.dk\\\/#organization\",\"name\":\"Officehotel\",\"url\":\"https:\\\/\\\/officehotel.dk\\\/\",\"logo\":{\"@type\":\"ImageObject\",\"inLanguage\":\"en-GB\",\"@id\":\"https:\\\/\\\/officehotel.dk\\\/#\\\/schema\\\/logo\\\/image\\\/\",\"url\":\"https:\\\/\\\/officehotel.dk\\\/wp-content\\\/uploads\\\/2022\\\/05\\\/LogoOfficehotel_ny.png\",\"contentUrl\":\"https:\\\/\\\/officehotel.dk\\\/wp-content\\\/uploads\\\/2022\\\/05\\\/LogoOfficehotel_ny.png\",\"width\":350,\"height\":100,\"caption\":\"Officehotel\"},\"image\":{\"@id\":\"https:\\\/\\\/officehotel.dk\\\/#\\\/schema\\\/logo\\\/image\\\/\"},\"sameAs\":[\"https:\\\/\\\/www.facebook.com\\\/officehotel.dk\\\/\",\"https:\\\/\\\/www.instagram.com\\\/officehotel.dk\\\/?hl=da\",\"https:\\\/\\\/dk.linkedin.com\\\/company\\\/officehotel\",\"https:\\\/\\\/www.youtube.com\\\/channel\\\/UCivtr-jB0TSKtcnBNKT4R-Q\\\/featured\"]}]}<\/script>\n<!-- \/ Yoast SEO Premium plugin. -->","yoast_head_json":{"title":"Tak for din besked | Officehotel","description":"Looking for a new office space? Book a showing of our offices in our office hotel in Br\u00f8nsh\u00f8j or Valby. It is free of charge and without obligation.","robots":{"index":"index","follow":"follow","max-snippet":"max-snippet:-1","max-image-preview":"max-image-preview:large","max-video-preview":"max-video-preview:-1"},"canonical":"https:\/\/officehotel.dk\/en\/book-en-fremvisning\/","og_locale":"en_GB","og_type":"article","og_title":"Tak for din besked","og_description":"Leder du efter nyt kontorlokale? Book en fremvisning af vores lokaler p\u00e5 kontorhotel i Br\u00f8nsh\u00f8j eller Valby. Det er gratis og uforpligtende.","og_url":"https:\/\/officehotel.dk\/en\/book-en-fremvisning\/","og_site_name":"Officehotel","article_publisher":"https:\/\/www.facebook.com\/officehotel.dk\/","article_modified_time":"2025-01-17T14:54:50+00:00","twitter_card":"summary_large_image","twitter_misc":{"Estimated reading time":"2 minutes"},"schema":{"@context":"https:\/\/schema.org","@graph":[{"@type":"WebPage","@id":"https:\/\/officehotel.dk\/tak-for-din-besked\/","url":"https:\/\/officehotel.dk\/book-en-fremvisning\/","name":"Tak for din besked | Officehotel","isPartOf":{"@id":"https:\/\/officehotel.dk\/#website"},"datePublished":"2022-06-29T08:21:09+00:00","dateModified":"2025-01-17T14:54:50+00:00","description":"Looking for a new office space? Book a showing of our offices in our office hotel in Br\u00f8nsh\u00f8j or Valby. It is free of charge and without obligation.","breadcrumb":{"@id":"https:\/\/officehotel.dk\/book-en-fremvisning\/#breadcrumb"},"inLanguage":"en-GB","potentialAction":[{"@type":"ReadAction","target":["https:\/\/officehotel.dk\/book-en-fremvisning\/"]}]},{"@type":"BreadcrumbList","@id":"https:\/\/officehotel.dk\/book-en-fremvisning\/#breadcrumb","itemListElement":[{"@type":"ListItem","position":1,"name":"Hjem","item":"https:\/\/officehotel.dk\/"},{"@type":"ListItem","position":2,"name":"Tak for din besked"}]},{"@type":"WebSite","@id":"https:\/\/officehotel.dk\/#website","url":"https:\/\/officehotel.dk\/","name":"Officehotel","description":"Kontorhotel med \u00e6rlige priser","publisher":{"@id":"https:\/\/officehotel.dk\/#organization"},"potentialAction":[{"@type":"SearchAction","target":{"@type":"EntryPoint","urlTemplate":"https:\/\/officehotel.dk\/?s={search_term_string}"},"query-input":{"@type":"PropertyValueSpecification","valueRequired":true,"valueName":"search_term_string"}}],"inLanguage":"en-GB"},{"@type":"Organization","@id":"https:\/\/officehotel.dk\/#organization","name":"Officehotel","url":"https:\/\/officehotel.dk\/","logo":{"@type":"ImageObject","inLanguage":"en-GB","@id":"https:\/\/officehotel.dk\/#\/schema\/logo\/image\/","url":"https:\/\/officehotel.dk\/wp-content\/uploads\/2022\/05\/LogoOfficehotel_ny.png","contentUrl":"https:\/\/officehotel.dk\/wp-content\/uploads\/2022\/05\/LogoOfficehotel_ny.png","width":350,"height":100,"caption":"Officehotel"},"image":{"@id":"https:\/\/officehotel.dk\/#\/schema\/logo\/image\/"},"sameAs":["https:\/\/www.facebook.com\/officehotel.dk\/","https:\/\/www.instagram.com\/officehotel.dk\/?hl=da","https:\/\/dk.linkedin.com\/company\/officehotel","https:\/\/www.youtube.com\/channel\/UCivtr-jB0TSKtcnBNKT4R-Q\/featured"]}]}},"_links":{"self":[{"href":"http:\/\/officehotel.dk\/en\/wp-json\/wp\/v2\/pages\/12944","targetHints":{"allow":["GET"]}}],"collection":[{"href":"http:\/\/officehotel.dk\/en\/wp-json\/wp\/v2\/pages"}],"about":[{"href":"http:\/\/officehotel.dk\/en\/wp-json\/wp\/v2\/types\/page"}],"author":[{"embeddable":true,"href":"http:\/\/officehotel.dk\/en\/wp-json\/wp\/v2\/users\/1"}],"replies":[{"embeddable":true,"href":"http:\/\/officehotel.dk\/en\/wp-json\/wp\/v2\/comments?post=12944"}],"version-history":[{"count":20,"href":"http:\/\/officehotel.dk\/en\/wp-json\/wp\/v2\/pages\/12944\/revisions"}],"predecessor-version":[{"id":17378,"href":"http:\/\/officehotel.dk\/en\/wp-json\/wp\/v2\/pages\/12944\/revisions\/17378"}],"wp:attachment":[{"href":"http:\/\/officehotel.dk\/en\/wp-json\/wp\/v2\/media?parent=12944"}],"wp:term":[{"taxonomy":"category","embeddable":true,"href":"http:\/\/officehotel.dk\/en\/wp-json\/wp\/v2\/categories?post=12944"},{"taxonomy":"post_tag","embeddable":true,"href":"http:\/\/officehotel.dk\/en\/wp-json\/wp\/v2\/tags?post=12944"}],"curies":[{"name":"wp","href":"https:\/\/api.w.org\/{rel}","templated":true}]}}