{"id":12899,"date":"2022-05-31T12:47:26","date_gmt":"2022-05-31T10:47:26","guid":{"rendered":"https:\/\/officehotel.dk\/?page_id=12899"},"modified":"2025-09-05T10:04:25","modified_gmt":"2025-09-05T08:04:25","slug":"ledige-lokaler","status":"publish","type":"page","link":"https:\/\/officehotel.dk\/en\/ledige-lokaler\/","title":{"rendered":"Vacant offices"},"content":{"rendered":"\t\t<div data-elementor-type=\"wp-page\" data-elementor-id=\"12899\" class=\"elementor elementor-12899\" data-elementor-post-type=\"page\">\n\t\t\t\t\t\t<section data-particle_enable=\"false\" data-particle-mobile-disabled=\"false\" class=\"elementor-section elementor-top-section elementor-element elementor-element-72531fa6 elementor-section-boxed elementor-section-height-default elementor-section-height-default\" data-id=\"72531fa6\" data-element_type=\"section\" data-e-type=\"section\">\n\t\t\t\t\t\t<div class=\"elementor-container elementor-column-gap-default\">\n\t\t\t\t\t<div class=\"elementor-column elementor-col-100 elementor-top-column elementor-element elementor-element-da965bf column-style-top\" data-id=\"da965bf\" data-element_type=\"column\" data-e-type=\"column\">\n\t\t\t<div class=\"elementor-widget-wrap elementor-element-populated\">\n\t\t\t\t\t\t<div class=\"elementor-element elementor-element-47ffcb1c elementor-widget elementor-widget-spacer\" data-id=\"47ffcb1c\" data-element_type=\"widget\" data-e-type=\"widget\" data-widget_type=\"spacer.default\">\n\t\t\t\t<div class=\"elementor-widget-container\">\n\t\t\t\t\t\t\t<div class=\"elementor-spacer\">\n\t\t\t<div class=\"elementor-spacer-inner\"><\/div>\n\t\t<\/div>\n\t\t\t\t\t\t<\/div>\n\t\t\t\t<\/div>\n\t\t\t\t<div class=\"elementor-element elementor-element-6183d680 elementor-widget elementor-widget-heading\" data-id=\"6183d680\" data-element_type=\"widget\" data-e-type=\"widget\" data-widget_type=\"heading.default\">\n\t\t\t\t<div class=\"elementor-widget-container\">\n\t\t\t\t\t<h3 class=\"elementor-heading-title elementor-size-xl\">Ledige lokaler<\/h3>\t\t\t\t<\/div>\n\t\t\t\t<\/div>\n\t\t\t\t<div class=\"elementor-element elementor-element-2137da8e elementor-widget elementor-widget-text-editor\" data-id=\"2137da8e\" data-element_type=\"widget\" data-e-type=\"widget\" data-widget_type=\"text-editor.default\">\n\t\t\t\t<div class=\"elementor-widget-container\">\n\t\t\t\t\t\t\t\t\t<p>Her er et udpluk af vores aktuelle ledige lokaler. Du kan nemt klikke dig ind p\u00e5 de enkelte lokaler for at l\u00e6se mere.<\/p>\t\t\t\t\t\t\t\t<\/div>\n\t\t\t\t<\/div>\n\t\t\t\t<div class=\"elementor-element elementor-element-30f7929 elementor-grid-3 elementor-grid-tablet-2 elementor-grid-mobile-1 elementor-widget elementor-widget-eael-dynamic-filterable-gallery\" data-id=\"30f7929\" data-element_type=\"widget\" data-e-type=\"widget\" data-settings=\"{&quot;eael_fg_columns&quot;:&quot;3&quot;,&quot;eael_fg_columns_tablet&quot;:&quot;2&quot;,&quot;eael_fg_columns_mobile&quot;:&quot;1&quot;}\" data-widget_type=\"eael-dynamic-filterable-gallery.default\">\n\t\t\t\t<div class=\"elementor-widget-container\">\n\t\t\t\t\t<div id=\"eael-filter-gallery-wrapper-30f7929\" class=\"eael-filter-gallery-wrapper eael-filter-position-top\"><div class=\"eael-filter-gallery-control\">\n                    <ul>\n                        <li class=\"control active dynamic-gallery-category \" data-filter=\"*\">Alle<\/li><li class=\"control dynamic-gallery-category \" data-termid=\"104\" data-taxonomy=\"post_tag\" data-filter=\".1-3-personer\">1-3 personer<\/li><li class=\"control dynamic-gallery-category \" data-termid=\"107\" data-taxonomy=\"post_tag\" data-filter=\".2-4-personer\">2-4 personer<\/li><li class=\"control dynamic-gallery-category \" data-termid=\"132\" data-taxonomy=\"post_tag\" data-filter=\".4-6-personer\">4-6 personer<\/li><\/ul>\n                <\/div><div class=\"eael-filter-gallery-container eael-post-appender eael-post-appender-30f7929 grid eael-cards  3\" data-settings=\"{&quot;has_filter&quot;:true,&quot;item_style&quot;:&quot;eael-cards&quot;,&quot;duration&quot;:500,&quot;layout_mode&quot;:&quot;grid&quot;}\"><div class=\"dynamic-gallery-item 2-4-personer broenshoej ledig ledige lokale-1-4 lokale-14-broenshoej\">\n    <div class=\"dynamic-gallery-item-inner\" data-itemid=\"14032\">\n\n                    <a href=\"https:\/\/officehotel.dk\/en\/lokale-14-broenshoej\/\">\n                <div class=\"dynamic-gallery-thumbnail\">\n            <img decoding=\"async\" src=\"https:\/\/officehotel.dk\/wp-content\/uploads\/2023\/03\/Lokale1-4_1sal_broens_5-750x510.webp\" alt=\"\">        <\/div>\n\n                    <\/a>\n        \n        <div class=\"item-content\">\n            <h2 class=\"title\"><a href=\"https:\/\/officehotel.dk\/en\/lokale-14-broenshoej\/\">Lyst lokale t\u00e6t p\u00e5 f\u00e6llesk\u00f8kkenet<\/a><\/h2><p>BR\u00d8NSH\u00d8J:\u00a02-4 pers.\u00a0 \u2022\u00a0 kr. 9.780,- pr. md.<a class=\"eael_post_excerpt_read_more\" href=\"https:\/\/officehotel.dk\/en\/lokale-14-broenshoej\/\"> <br>&gt;&gt; Se mere<\/a><\/p>        <\/div>\n    <\/div>\n<\/div>\n<div class=\"dynamic-gallery-item 2-4-personer broenshoej ledig ledige lokale-1-32 lokale-132\">\n    <div class=\"dynamic-gallery-item-inner\" data-itemid=\"12313\">\n\n                    <a href=\"https:\/\/officehotel.dk\/en\/lokale-132\/\">\n                <div class=\"dynamic-gallery-thumbnail\">\n            <img decoding=\"async\" src=\"https:\/\/officehotel.dk\/wp-content\/uploads\/2021\/11\/Lokale_1.32_1-750x510.webp\" alt=\"\">        <\/div>\n\n                    <\/a>\n        \n        <div class=\"item-content\">\n            <h2 class=\"title\"><a href=\"https:\/\/officehotel.dk\/en\/lokale-132\/\">Hj\u00f8rnekontor p\u00e5 en stille gang med plads til 2-4<\/a><\/h2><p>BR\u00d8NSH\u00d8J:\u00a02-4 pers.\u00a0 \u2022\u00a0 kr. 9.780,- pr. md.<a class=\"eael_post_excerpt_read_more\" href=\"https:\/\/officehotel.dk\/en\/lokale-132\/\"> <br>&gt;&gt; Se mere<\/a><\/p>        <\/div>\n    <\/div>\n<\/div>\n<div class=\"dynamic-gallery-item 2-4-personer broenshoej ledig ledige lokale-1-5 lokale-15-broenshoej\">\n    <div class=\"dynamic-gallery-item-inner\" data-itemid=\"14094\">\n\n                    <a href=\"https:\/\/officehotel.dk\/en\/lokale-15-broenshoej\/\">\n                <div class=\"dynamic-gallery-thumbnail\">\n            <img decoding=\"async\" src=\"https:\/\/officehotel.dk\/wp-content\/uploads\/2023\/03\/Lokale1-5_1sal_broens_7-750x510.webp\" alt=\"\">        <\/div>\n\n                    <\/a>\n        \n        <div class=\"item-content\">\n            <h2 class=\"title\"><a href=\"https:\/\/officehotel.dk\/en\/lokale-15-broenshoej\/\">Lyst kontor med plads til 2-4 personer<\/a><\/h2><p>BR\u00d8NSH\u00d8J:\u00a02-4 pers.\u00a0 \u2022\u00a0 kr. 9.780,- pr. md.<a class=\"eael_post_excerpt_read_more\" href=\"https:\/\/officehotel.dk\/en\/lokale-15-broenshoej\/\"> <br>&gt;&gt; Se mere<\/a><\/p>        <\/div>\n    <\/div>\n<\/div>\n<\/div><\/div>\t\t\t\t<\/div>\n\t\t\t\t<\/div>\n\t\t\t\t<div class=\"elementor-element elementor-element-645940d elementor-widget elementor-widget-spacer\" data-id=\"645940d\" data-element_type=\"widget\" data-e-type=\"widget\" data-widget_type=\"spacer.default\">\n\t\t\t\t<div class=\"elementor-widget-container\">\n\t\t\t\t\t\t\t<div class=\"elementor-spacer\">\n\t\t\t<div class=\"elementor-spacer-inner\"><\/div>\n\t\t<\/div>\n\t\t\t\t\t\t<\/div>\n\t\t\t\t<\/div>\n\t\t\t\t\t<\/div>\n\t\t<\/div>\n\t\t\t\t\t<\/div>\n\t\t<\/section>\n\t\t\t\t<section data-particle_enable=\"false\" data-particle-mobile-disabled=\"false\" class=\"elementor-section elementor-top-section elementor-element elementor-element-9fd05ac elementor-section-boxed elementor-section-height-default elementor-section-height-default\" data-id=\"9fd05ac\" data-element_type=\"section\" data-e-type=\"section\" data-settings=\"{&quot;background_background&quot;:&quot;classic&quot;}\">\n\t\t\t\t\t\t<div class=\"elementor-container elementor-column-gap-default\">\n\t\t\t\t\t<div class=\"elementor-column elementor-col-100 elementor-top-column elementor-element elementor-element-56241ad column-style-top\" data-id=\"56241ad\" data-element_type=\"column\" data-e-type=\"column\">\n\t\t\t<div class=\"elementor-widget-wrap elementor-element-populated\">\n\t\t\t\t\t\t<div class=\"elementor-element elementor-element-185ef0d elementor-widget elementor-widget-spacer\" data-id=\"185ef0d\" data-element_type=\"widget\" data-e-type=\"widget\" data-widget_type=\"spacer.default\">\n\t\t\t\t<div class=\"elementor-widget-container\">\n\t\t\t\t\t\t\t<div class=\"elementor-spacer\">\n\t\t\t<div class=\"elementor-spacer-inner\"><\/div>\n\t\t<\/div>\n\t\t\t\t\t\t<\/div>\n\t\t\t\t<\/div>\n\t\t\t\t<div class=\"elementor-element elementor-element-90be3b5 elementor-widget elementor-widget-heading\" data-id=\"90be3b5\" data-element_type=\"widget\" data-e-type=\"widget\" data-widget_type=\"heading.default\">\n\t\t\t\t<div class=\"elementor-widget-container\">\n\t\t\t\t\t<h3 class=\"elementor-heading-title elementor-size-default\"><h2 class=\"title elementor-inline-editing pen\" data-elementor-setting-key=\"title_text\" data-elementor-inline-editing-toolbar=\"none\" data-pen-placeholder=\"Skriv her...\" style=\"margin-top: 0px;margin-right: 0px;margin-left: 0px;font-size: 42px\">Book en fremvisning.<\/h2><\/h3>\t\t\t\t<\/div>\n\t\t\t\t<\/div>\n\t\t\t\t<div class=\"elementor-element elementor-element-a635385 elementor-button-align-stretch elementor-widget elementor-widget-form\" data-id=\"a635385\" data-element_type=\"widget\" data-e-type=\"widget\" data-settings=\"{&quot;button_width&quot;:&quot;33&quot;,&quot;step_next_label&quot;:&quot;N\\u00e6ste&quot;,&quot;step_previous_label&quot;:&quot;Tidligere&quot;,&quot;step_type&quot;:&quot;number_text&quot;,&quot;step_icon_shape&quot;:&quot;circle&quot;}\" data-widget_type=\"form.default\">\n\t\t\t\t<div class=\"elementor-widget-container\">\n\t\t\t\t\t\t\t<form class=\"elementor-form\" method=\"post\" id=\"Fremvisning_ledigtlejemaal\" name=\"Fremvisning - ledigt lejem\u00e5l\" aria-label=\"Fremvisning - ledigt lejem\u00e5l\">\n\t\t\t<input type=\"hidden\" name=\"post_id\" value=\"12899\"\/>\n\t\t\t<input type=\"hidden\" name=\"form_id\" value=\"a635385\"\/>\n\t\t\t<input type=\"hidden\" name=\"referer_title\" value=\"Officehotel\" \/>\n\n\t\t\t\n\t\t\t<div class=\"elementor-form-fields-wrapper elementor-labels-above\">\n\t\t\t\t\t\t\t\t<div class=\"elementor-field-type-text elementor-field-group elementor-column elementor-field-group-name elementor-col-100 elementor-field-required elementor-mark-required\">\n\t\t\t\t\t\t\t\t\t\t\t\t\t<input size=\"1\" type=\"text\" name=\"form_fields[name]\" id=\"form-field-name\" class=\"elementor-field elementor-size-sm  elementor-field-textual\" placeholder=\"Navn\" required=\"required\">\n\t\t\t\t\t\t\t\t\t\t\t<\/div>\n\t\t\t\t\t\t\t\t<div class=\"elementor-field-type-email elementor-field-group elementor-column elementor-field-group-email elementor-col-50 elementor-field-required elementor-mark-required\">\n\t\t\t\t\t\t\t\t\t\t\t\t\t<input size=\"1\" type=\"email\" name=\"form_fields[email]\" id=\"form-field-email\" class=\"elementor-field elementor-size-sm  elementor-field-textual\" placeholder=\"E-mail\" required=\"required\">\n\t\t\t\t\t\t\t\t\t\t\t<\/div>\n\t\t\t\t\t\t\t\t<div class=\"elementor-field-type-tel elementor-field-group elementor-column elementor-field-group-field_7d6d0dd elementor-col-50 elementor-field-required elementor-mark-required\">\n\t\t\t\t\t\t\t<input size=\"1\" type=\"tel\" name=\"form_fields[field_7d6d0dd]\" id=\"form-field-field_7d6d0dd\" class=\"elementor-field elementor-size-sm  elementor-field-textual\" placeholder=\"Telefon\" required=\"required\" pattern=\"[0-9()#&amp;+*-=.]+\" title=\"Only numbers and phone characters (#, -, *, etc) are accepted.\">\n\n\t\t\t\t\t\t<\/div>\n\t\t\t\t\t\t\t\t<div class=\"elementor-field-type-number elementor-field-group elementor-column elementor-field-group-field_171cd18 elementor-col-50 elementor-field-required elementor-mark-required\">\n\t\t\t\t\t\t\t\t\t\t\t\t<label for=\"form-field-field_171cd18\" class=\"elementor-field-label\">\n\t\t\t\t\t\t\t\tHvor mange skal du bruge plads til?\t\t\t\t\t\t\t<\/label>\n\t\t\t\t\t\t\t\t\t<input type=\"number\" name=\"form_fields[field_171cd18]\" id=\"form-field-field_171cd18\" class=\"elementor-field elementor-size-sm  elementor-field-textual\" placeholder=\"Antal medarbejdere\" required=\"required\" min=\"1\" max=\"\" >\n\t\t\t\t\t\t<\/div>\n\t\t\t\t\t\t\t\t<div class=\"elementor-field-type-text\">\n\t\t\t\t\t<input size=\"1\" type=\"text\" name=\"form_fields[field_2287098]\" id=\"form-field-field_2287098\" class=\"elementor-field elementor-size-sm \" style=\"display:none !important;\">\t\t\t\t<\/div>\n\t\t\t\t\t\t\t\t<div class=\"elementor-field-type-recaptcha_v3 elementor-field-group elementor-column elementor-field-group-field_9824a62 elementor-col-100 recaptcha_v3-bottomright\">\n\t\t\t\t\t<div class=\"elementor-field\" id=\"form-field-field_9824a62\"><div class=\"elementor-g-recaptcha\" data-sitekey=\"6LcyrGgjAAAAACi4ER5reg7JM7WjJ_rGj3boKsUq\" data-type=\"v3\" data-action=\"Form\" data-badge=\"bottomright\" data-size=\"invisible\"><\/div><\/div>\t\t\t\t<\/div>\n\t\t\t\t\t\t\t\t<div class=\"elementor-field-group elementor-column elementor-field-type-submit elementor-col-33 e-form__buttons\">\n\t\t\t\t\t<button class=\"elementor-button elementor-size-sm\" type=\"submit\">\n\t\t\t\t\t\t<span class=\"elementor-button-content-wrapper\">\n\t\t\t\t\t\t\t\t\t\t\t\t\t\t\t\t\t\t\t\t\t\t<span class=\"elementor-button-text\">Send din foresp\u00f8rgsel<\/span>\n\t\t\t\t\t\t\t\t\t\t\t\t\t<\/span>\n\t\t\t\t\t<\/button>\n\t\t\t\t<\/div>\n\t\t\t<\/div>\n\t\t<\/form>\n\t\t\t\t\t\t<\/div>\n\t\t\t\t<\/div>\n\t\t\t\t<div class=\"elementor-element elementor-element-77b6e88 elementor-widget elementor-widget-text-editor\" data-id=\"77b6e88\" data-element_type=\"widget\" data-e-type=\"widget\" data-widget_type=\"text-editor.default\">\n\t\t\t\t<div class=\"elementor-widget-container\">\n\t\t\t\t\t\t\t\t\t<p><em>OBS! Din \u00f8nskede fremvisning vil blive bekr\u00e6ftet p\u00e5 mail eller telefon.<\/em><\/p>\t\t\t\t\t\t\t\t<\/div>\n\t\t\t\t<\/div>\n\t\t\t\t<div class=\"elementor-element elementor-element-94d309d elementor-widget elementor-widget-spacer\" data-id=\"94d309d\" data-element_type=\"widget\" data-e-type=\"widget\" data-widget_type=\"spacer.default\">\n\t\t\t\t<div class=\"elementor-widget-container\">\n\t\t\t\t\t\t\t<div class=\"elementor-spacer\">\n\t\t\t<div class=\"elementor-spacer-inner\"><\/div>\n\t\t<\/div>\n\t\t\t\t\t\t<\/div>\n\t\t\t\t<\/div>\n\t\t\t\t\t<\/div>\n\t\t<\/div>\n\t\t\t\t\t<\/div>\n\t\t<\/section>\n\t\t\t\t<section data-particle_enable=\"false\" data-particle-mobile-disabled=\"false\" class=\"elementor-section elementor-top-section elementor-element elementor-element-2eea4e6c elementor-section-boxed elementor-section-height-default elementor-section-height-default\" data-id=\"2eea4e6c\" data-element_type=\"section\" data-e-type=\"section\" data-settings=\"{&quot;background_background&quot;:&quot;classic&quot;}\">\n\t\t\t\t\t\t<div class=\"elementor-container elementor-column-gap-default\">\n\t\t\t\t\t<div class=\"elementor-column elementor-col-100 elementor-top-column elementor-element elementor-element-7990767f column-style-top\" data-id=\"7990767f\" data-element_type=\"column\" data-e-type=\"column\">\n\t\t\t<div class=\"elementor-widget-wrap elementor-element-populated\">\n\t\t\t\t\t\t<div class=\"elementor-element elementor-element-4b76f854 elementor-widget elementor-widget-gva-heading-block\" data-id=\"4b76f854\" data-element_type=\"widget\" data-e-type=\"widget\" data-widget_type=\"gva-heading-block.default\">\n\t\t\t\t<div class=\"elementor-widget-container\">\n\t\t\t\t\t<div class=\"gva-element-gva-heading-block gva-element\">   <div class=\"align-center style-1 widget gsc-heading\">\r\n      <div class=\"content-inner\">\r\n         \r\n                  \r\n                     <div class=\"sub-title\"><span>Kom og se vores kontorhotel.<\/span><\/div>\r\n           \r\n         \r\n                     <h2 class=\"title\">\r\n               <span>Du er altid velkommen forbi.<\/span>\r\n            <\/h2>\r\n                  \r\n                     <div class=\"heading-action\">\r\n                       <a href=\"https:\/\/officehotel.dk\/book-en-fremvisning\/\" class=\"btn-cta btn-black \">\r\n          <span>Book en fremvisning her<\/span>\r\n        <\/a>\r\n\r\n                    <\/div>\r\n         \r\n      <\/div>\r\n   <\/div>\r\n   <div class=\"clearfix\"><\/div>\r\n<\/div>\t\t\t\t<\/div>\n\t\t\t\t<\/div>\n\t\t\t\t\t<\/div>\n\t\t<\/div>\n\t\t\t\t\t<\/div>\n\t\t<\/section>\n\t\t\t\t<\/div>\n\t\t","protected":false},"excerpt":{"rendered":"<p>Ledige lokaler Her er et udpluk af vores aktuelle ledige lokaler. Du kan nemt klikke dig ind p\u00e5 de enkelte lokaler for at l\u00e6se mere. Alle 1-3 personer 2-4 personer 4-6 personer Lyst lokale t\u00e6t p\u00e5 f\u00e6llesk\u00f8kkenet BR\u00d8NSH\u00d8J:\u00a02-4 pers.\u00a0 \u2022\u00a0 kr. 9.780,- pr. md. &gt;&gt; Se mere Hj\u00f8rnekontor p\u00e5 en stille gang med plads til [&hellip;]<\/p>\n","protected":false},"author":1,"featured_media":0,"parent":0,"menu_order":0,"comment_status":"closed","ping_status":"closed","template":"","meta":{"footnotes":""},"categories":[],"tags":[],"class_list":["post-12899","page","type-page","status-publish","hentry"],"yoast_head":"<!-- This site is optimized with the Yoast SEO Premium plugin v27.3 (Yoast SEO v27.3) - https:\/\/yoast.com\/product\/yoast-seo-premium-wordpress\/ -->\n<title>Ledige lokaler i kontorf\u00e6llesskab | Officehotel<\/title>\n<meta name=\"description\" content=\"Se et udpluk af vores aktuelle ledige lokaler. Du kan nemt klikke dig ind p\u00e5 de enkelte lokaler for at l\u00e6se mere.\" \/>\n<meta name=\"robots\" content=\"index, follow, max-snippet:-1, max-image-preview:large, max-video-preview:-1\" \/>\n<link rel=\"canonical\" href=\"https:\/\/officehotel.dk\/en\/ledige-lokaler\/\" \/>\n<meta property=\"og:locale\" content=\"en_GB\" \/>\n<meta property=\"og:type\" content=\"article\" \/>\n<meta property=\"og:title\" content=\"Ledige lokaler\" \/>\n<meta property=\"og:description\" content=\"Se et udpluk af vores aktuelle ledige lokaler. Du kan nemt klikke dig ind p\u00e5 de enkelte lokaler for at l\u00e6se mere.\" \/>\n<meta property=\"og:url\" content=\"https:\/\/officehotel.dk\/en\/ledige-lokaler\/\" \/>\n<meta property=\"og:site_name\" content=\"Officehotel\" \/>\n<meta property=\"article:publisher\" content=\"https:\/\/www.facebook.com\/officehotel.dk\/\" \/>\n<meta property=\"article:modified_time\" content=\"2025-09-05T08:04:25+00:00\" \/>\n<meta property=\"og:image\" content=\"https:\/\/officehotel.dk\/wp-content\/uploads\/2023\/03\/Lokale1-4_1sal_broens_5-750x510.webp\" \/>\n<meta name=\"twitter:card\" content=\"summary_large_image\" \/>\n<meta name=\"twitter:label1\" content=\"Estimated reading time\" \/>\n\t<meta name=\"twitter:data1\" content=\"2 minutes\" \/>\n<script type=\"application\/ld+json\" class=\"yoast-schema-graph\">{\"@context\":\"https:\\\/\\\/schema.org\",\"@graph\":[{\"@type\":\"WebPage\",\"@id\":\"https:\\\/\\\/officehotel.dk\\\/ledige-lokaler\\\/\",\"url\":\"https:\\\/\\\/officehotel.dk\\\/ledige-lokaler\\\/\",\"name\":\"Ledige lokaler i kontorf\u00e6llesskab | Officehotel\",\"isPartOf\":{\"@id\":\"https:\\\/\\\/officehotel.dk\\\/#website\"},\"primaryImageOfPage\":{\"@id\":\"https:\\\/\\\/officehotel.dk\\\/ledige-lokaler\\\/#primaryimage\"},\"image\":{\"@id\":\"https:\\\/\\\/officehotel.dk\\\/ledige-lokaler\\\/#primaryimage\"},\"thumbnailUrl\":\"https:\\\/\\\/officehotel.dk\\\/wp-content\\\/uploads\\\/2023\\\/03\\\/Lokale1-4_1sal_broens_5-750x510.webp\",\"datePublished\":\"2022-05-31T10:47:26+00:00\",\"dateModified\":\"2025-09-05T08:04:25+00:00\",\"description\":\"Se et udpluk af vores aktuelle ledige lokaler. Du kan nemt klikke dig ind p\u00e5 de enkelte lokaler for at l\u00e6se mere.\",\"breadcrumb\":{\"@id\":\"https:\\\/\\\/officehotel.dk\\\/ledige-lokaler\\\/#breadcrumb\"},\"inLanguage\":\"en-GB\",\"potentialAction\":[{\"@type\":\"ReadAction\",\"target\":[\"https:\\\/\\\/officehotel.dk\\\/ledige-lokaler\\\/\"]}]},{\"@type\":\"ImageObject\",\"inLanguage\":\"en-GB\",\"@id\":\"https:\\\/\\\/officehotel.dk\\\/ledige-lokaler\\\/#primaryimage\",\"url\":\"https:\\\/\\\/officehotel.dk\\\/wp-content\\\/uploads\\\/2023\\\/03\\\/Lokale1-4_1sal_broens_5-750x510.webp\",\"contentUrl\":\"https:\\\/\\\/officehotel.dk\\\/wp-content\\\/uploads\\\/2023\\\/03\\\/Lokale1-4_1sal_broens_5-750x510.webp\"},{\"@type\":\"BreadcrumbList\",\"@id\":\"https:\\\/\\\/officehotel.dk\\\/ledige-lokaler\\\/#breadcrumb\",\"itemListElement\":[{\"@type\":\"ListItem\",\"position\":1,\"name\":\"Hjem\",\"item\":\"https:\\\/\\\/officehotel.dk\\\/\"},{\"@type\":\"ListItem\",\"position\":2,\"name\":\"Ledige lokaler\"}]},{\"@type\":\"WebSite\",\"@id\":\"https:\\\/\\\/officehotel.dk\\\/#website\",\"url\":\"https:\\\/\\\/officehotel.dk\\\/\",\"name\":\"Officehotel\",\"description\":\"Kontorhotel med \u00e6rlige priser\",\"publisher\":{\"@id\":\"https:\\\/\\\/officehotel.dk\\\/#organization\"},\"potentialAction\":[{\"@type\":\"SearchAction\",\"target\":{\"@type\":\"EntryPoint\",\"urlTemplate\":\"https:\\\/\\\/officehotel.dk\\\/?s={search_term_string}\"},\"query-input\":{\"@type\":\"PropertyValueSpecification\",\"valueRequired\":true,\"valueName\":\"search_term_string\"}}],\"inLanguage\":\"en-GB\"},{\"@type\":\"Organization\",\"@id\":\"https:\\\/\\\/officehotel.dk\\\/#organization\",\"name\":\"Officehotel\",\"url\":\"https:\\\/\\\/officehotel.dk\\\/\",\"logo\":{\"@type\":\"ImageObject\",\"inLanguage\":\"en-GB\",\"@id\":\"https:\\\/\\\/officehotel.dk\\\/#\\\/schema\\\/logo\\\/image\\\/\",\"url\":\"https:\\\/\\\/officehotel.dk\\\/wp-content\\\/uploads\\\/2022\\\/05\\\/LogoOfficehotel_ny.png\",\"contentUrl\":\"https:\\\/\\\/officehotel.dk\\\/wp-content\\\/uploads\\\/2022\\\/05\\\/LogoOfficehotel_ny.png\",\"width\":350,\"height\":100,\"caption\":\"Officehotel\"},\"image\":{\"@id\":\"https:\\\/\\\/officehotel.dk\\\/#\\\/schema\\\/logo\\\/image\\\/\"},\"sameAs\":[\"https:\\\/\\\/www.facebook.com\\\/officehotel.dk\\\/\",\"https:\\\/\\\/www.instagram.com\\\/officehotel.dk\\\/?hl=da\",\"https:\\\/\\\/dk.linkedin.com\\\/company\\\/officehotel\",\"https:\\\/\\\/www.youtube.com\\\/channel\\\/UCivtr-jB0TSKtcnBNKT4R-Q\\\/featured\"]}]}<\/script>\n<!-- \/ Yoast SEO Premium plugin. -->","yoast_head_json":{"title":"Vacant offices in coworking space | Officehotel","description":"Here is a selection of our currently vacant rooms. You can easily click on the individual rooms to read more.","robots":{"index":"index","follow":"follow","max-snippet":"max-snippet:-1","max-image-preview":"max-image-preview:large","max-video-preview":"max-video-preview:-1"},"canonical":"https:\/\/officehotel.dk\/en\/ledige-lokaler\/","og_locale":"en_GB","og_type":"article","og_title":"Ledige lokaler","og_description":"Se et udpluk af vores aktuelle ledige lokaler. Du kan nemt klikke dig ind p\u00e5 de enkelte lokaler for at l\u00e6se mere.","og_url":"https:\/\/officehotel.dk\/en\/ledige-lokaler\/","og_site_name":"Officehotel","article_publisher":"https:\/\/www.facebook.com\/officehotel.dk\/","article_modified_time":"2025-09-05T08:04:25+00:00","og_image":[{"url":"https:\/\/officehotel.dk\/wp-content\/uploads\/2023\/03\/Lokale1-4_1sal_broens_5-750x510.webp","type":"","width":"","height":""}],"twitter_card":"summary_large_image","twitter_misc":{"Estimated reading time":"2 minutes"},"schema":{"@context":"https:\/\/schema.org","@graph":[{"@type":"WebPage","@id":"https:\/\/officehotel.dk\/ledige-lokaler\/","url":"https:\/\/officehotel.dk\/ledige-lokaler\/","name":"Vacant offices in coworking space | Officehotel","isPartOf":{"@id":"https:\/\/officehotel.dk\/#website"},"primaryImageOfPage":{"@id":"https:\/\/officehotel.dk\/ledige-lokaler\/#primaryimage"},"image":{"@id":"https:\/\/officehotel.dk\/ledige-lokaler\/#primaryimage"},"thumbnailUrl":"https:\/\/officehotel.dk\/wp-content\/uploads\/2023\/03\/Lokale1-4_1sal_broens_5-750x510.webp","datePublished":"2022-05-31T10:47:26+00:00","dateModified":"2025-09-05T08:04:25+00:00","description":"Here is a selection of our currently vacant rooms. You can easily click on the individual rooms to read more.","breadcrumb":{"@id":"https:\/\/officehotel.dk\/ledige-lokaler\/#breadcrumb"},"inLanguage":"en-GB","potentialAction":[{"@type":"ReadAction","target":["https:\/\/officehotel.dk\/ledige-lokaler\/"]}]},{"@type":"ImageObject","inLanguage":"en-GB","@id":"https:\/\/officehotel.dk\/ledige-lokaler\/#primaryimage","url":"https:\/\/officehotel.dk\/wp-content\/uploads\/2023\/03\/Lokale1-4_1sal_broens_5-750x510.webp","contentUrl":"https:\/\/officehotel.dk\/wp-content\/uploads\/2023\/03\/Lokale1-4_1sal_broens_5-750x510.webp"},{"@type":"BreadcrumbList","@id":"https:\/\/officehotel.dk\/ledige-lokaler\/#breadcrumb","itemListElement":[{"@type":"ListItem","position":1,"name":"Hjem","item":"https:\/\/officehotel.dk\/"},{"@type":"ListItem","position":2,"name":"Ledige lokaler"}]},{"@type":"WebSite","@id":"https:\/\/officehotel.dk\/#website","url":"https:\/\/officehotel.dk\/","name":"Officehotel","description":"Kontorhotel med \u00e6rlige priser","publisher":{"@id":"https:\/\/officehotel.dk\/#organization"},"potentialAction":[{"@type":"SearchAction","target":{"@type":"EntryPoint","urlTemplate":"https:\/\/officehotel.dk\/?s={search_term_string}"},"query-input":{"@type":"PropertyValueSpecification","valueRequired":true,"valueName":"search_term_string"}}],"inLanguage":"en-GB"},{"@type":"Organization","@id":"https:\/\/officehotel.dk\/#organization","name":"Officehotel","url":"https:\/\/officehotel.dk\/","logo":{"@type":"ImageObject","inLanguage":"en-GB","@id":"https:\/\/officehotel.dk\/#\/schema\/logo\/image\/","url":"https:\/\/officehotel.dk\/wp-content\/uploads\/2022\/05\/LogoOfficehotel_ny.png","contentUrl":"https:\/\/officehotel.dk\/wp-content\/uploads\/2022\/05\/LogoOfficehotel_ny.png","width":350,"height":100,"caption":"Officehotel"},"image":{"@id":"https:\/\/officehotel.dk\/#\/schema\/logo\/image\/"},"sameAs":["https:\/\/www.facebook.com\/officehotel.dk\/","https:\/\/www.instagram.com\/officehotel.dk\/?hl=da","https:\/\/dk.linkedin.com\/company\/officehotel","https:\/\/www.youtube.com\/channel\/UCivtr-jB0TSKtcnBNKT4R-Q\/featured"]}]}},"_links":{"self":[{"href":"https:\/\/officehotel.dk\/en\/wp-json\/wp\/v2\/pages\/12899","targetHints":{"allow":["GET"]}}],"collection":[{"href":"https:\/\/officehotel.dk\/en\/wp-json\/wp\/v2\/pages"}],"about":[{"href":"https:\/\/officehotel.dk\/en\/wp-json\/wp\/v2\/types\/page"}],"author":[{"embeddable":true,"href":"https:\/\/officehotel.dk\/en\/wp-json\/wp\/v2\/users\/1"}],"replies":[{"embeddable":true,"href":"https:\/\/officehotel.dk\/en\/wp-json\/wp\/v2\/comments?post=12899"}],"version-history":[{"count":70,"href":"https:\/\/officehotel.dk\/en\/wp-json\/wp\/v2\/pages\/12899\/revisions"}],"predecessor-version":[{"id":17513,"href":"https:\/\/officehotel.dk\/en\/wp-json\/wp\/v2\/pages\/12899\/revisions\/17513"}],"wp:attachment":[{"href":"https:\/\/officehotel.dk\/en\/wp-json\/wp\/v2\/media?parent=12899"}],"wp:term":[{"taxonomy":"category","embeddable":true,"href":"https:\/\/officehotel.dk\/en\/wp-json\/wp\/v2\/categories?post=12899"},{"taxonomy":"post_tag","embeddable":true,"href":"https:\/\/officehotel.dk\/en\/wp-json\/wp\/v2\/tags?post=12899"}],"curies":[{"name":"wp","href":"https:\/\/api.w.org\/{rel}","templated":true}]}}