{"id":17051,"date":"2024-06-26T12:52:11","date_gmt":"2024-06-26T10:52:11","guid":{"rendered":"https:\/\/officehotel.dk\/?page_id=17051"},"modified":"2025-09-01T10:24:00","modified_gmt":"2025-09-01T08:24:00","slug":"book-et-moedelokale","status":"publish","type":"page","link":"https:\/\/officehotel.dk\/en\/book-et-moedelokale\/","title":{"rendered":"Book meeting room"},"content":{"rendered":"<div data-elementor-type=\"wp-page\" data-elementor-id=\"17051\" class=\"elementor elementor-17051\" data-elementor-post-type=\"page\">\n\t\t\t\t\t\t<section data-particle_enable=\"false\" data-particle-mobile-disabled=\"false\" class=\"elementor-section elementor-top-section elementor-element elementor-element-e5a7e1d elementor-section-boxed elementor-section-height-default elementor-section-height-default\" data-id=\"e5a7e1d\" data-element_type=\"section\" data-e-type=\"section\">\n\t\t\t\t\t\t<div class=\"elementor-container elementor-column-gap-default\">\n\t\t\t\t\t<div class=\"elementor-column elementor-col-100 elementor-top-column elementor-element elementor-element-246ea9f column-style-top\" data-id=\"246ea9f\" data-element_type=\"column\" data-e-type=\"column\">\n\t\t\t<div class=\"elementor-widget-wrap elementor-element-populated\">\n\t\t\t\t\t\t<div class=\"elementor-element elementor-element-1e59f2a elementor-widget elementor-widget-heading\" data-id=\"1e59f2a\" data-element_type=\"widget\" data-e-type=\"widget\" data-widget_type=\"heading.default\">\n\t\t\t\t<div class=\"elementor-widget-container\">\n\t\t\t\t\t<h2 class=\"elementor-heading-title elementor-size-default\">Book meeting room<\/h2>\t\t\t\t<\/div>\n\t\t\t\t<\/div>\n\t\t\t\t<div class=\"elementor-element elementor-element-983b54e elementor-widget elementor-widget-text-editor\" data-id=\"983b54e\" data-element_type=\"widget\" data-e-type=\"widget\" data-widget_type=\"text-editor.default\">\n\t\t\t\t<div class=\"elementor-widget-container\">\n\t\t\t\t\t\t\t\t\t<p>When you are a tenant at Officehotel, you have the opportunity to book meeting rooms for free. Click here to access the meeting room booking. Note that you need to get a login from our receptionist before you can access the booking. Only tenants at Officehotel can gain access.<\/p>\t\t\t\t\t\t\t\t<\/div>\n\t\t\t\t<\/div>\n\t\t\t\t<div class=\"elementor-element elementor-element-3cf18a4 elementor-align-center elementor-widget elementor-widget-button\" data-id=\"3cf18a4\" data-element_type=\"widget\" data-e-type=\"widget\" data-widget_type=\"button.default\">\n\t\t\t\t<div class=\"elementor-widget-container\">\n\t\t\t\t\t\t\t\t\t<div class=\"elementor-button-wrapper\">\n\t\t\t\t\t<a class=\"elementor-button elementor-button-link elementor-size-sm\" href=\"https:\/\/anny.co\/en\/explore?cat=meeting-rooms&#038;com=officehotel-bronshoj-JXZfd6hR&#038;v=grid\">\n\t\t\t\t\t\t<span class=\"elementor-button-content-wrapper\">\n\t\t\t\t\t\t\t\t\t<span class=\"elementor-button-text\">Book your meeting room here<\/span>\n\t\t\t\t\t<\/span>\n\t\t\t\t\t<\/a>\n\t\t\t\t<\/div>\n\t\t\t\t\t\t\t\t<\/div>\n\t\t\t\t<\/div>\n\t\t\t\t\t<\/div>\n\t\t<\/div>\n\t\t\t\t\t<\/div>\n\t\t<\/section>\n\t\t\t\t<\/div>","protected":false},"excerpt":{"rendered":"<p>Book et m\u00f8delokale N\u00e5r du er lejer hos Officehotel har du mulighed for at booke gratis m\u00f8delokaler. Klik dig ind p\u00e5 m\u00f8delokale booking her. Bem\u00e6rk, at du skal have et login af vores receptionist, f\u00f8r du kan tilg\u00e5 bookingen. Kun lejere hos hhv. Officehotel kan f\u00e5 adgang. Book dit m\u00f8delokale her<\/p>","protected":false},"author":1,"featured_media":0,"parent":0,"menu_order":0,"comment_status":"closed","ping_status":"closed","template":"","meta":{"footnotes":""},"categories":[],"tags":[],"class_list":["post-17051","page","type-page","status-publish","hentry"],"yoast_head":"<!-- This site is optimized with the Yoast SEO Premium plugin v27.3 (Yoast SEO v27.3) - https:\/\/yoast.com\/product\/yoast-seo-premium-wordpress\/ -->\n<title>Book et m\u00f8delokale | Officehotel<\/title>\n<meta name=\"robots\" content=\"index, follow, max-snippet:-1, max-image-preview:large, max-video-preview:-1\" \/>\n<link rel=\"canonical\" href=\"https:\/\/officehotel.dk\/en\/book-et-moedelokale\/\" \/>\n<meta property=\"og:locale\" content=\"en_GB\" \/>\n<meta property=\"og:type\" content=\"article\" \/>\n<meta property=\"og:title\" content=\"Book et m\u00f8delokale\" \/>\n<meta property=\"og:description\" content=\"Book et m\u00f8delokale N\u00e5r du er lejer hos Officehotel har du mulighed for at booke gratis m\u00f8delokaler. Klik dig ind p\u00e5 m\u00f8delokale booking her. Bem\u00e6rk, at du skal have et login af vores receptionist, f\u00f8r du kan tilg\u00e5 bookingen. Kun lejere hos hhv. Officehotel kan f\u00e5 adgang. Book dit m\u00f8delokale her\" \/>\n<meta property=\"og:url\" content=\"https:\/\/officehotel.dk\/en\/book-et-moedelokale\/\" \/>\n<meta property=\"og:site_name\" content=\"Officehotel\" \/>\n<meta property=\"article:publisher\" content=\"https:\/\/www.facebook.com\/officehotel.dk\/\" \/>\n<meta property=\"article:modified_time\" content=\"2025-09-01T08:24:00+00:00\" \/>\n<meta name=\"twitter:card\" content=\"summary_large_image\" \/>\n<meta name=\"twitter:label1\" content=\"Estimated reading time\" \/>\n\t<meta name=\"twitter:data1\" content=\"1 minute\" \/>\n<script type=\"application\/ld+json\" class=\"yoast-schema-graph\">{\"@context\":\"https:\\\/\\\/schema.org\",\"@graph\":[{\"@type\":\"WebPage\",\"@id\":\"https:\\\/\\\/officehotel.dk\\\/book-et-moedelokale\\\/\",\"url\":\"https:\\\/\\\/officehotel.dk\\\/book-et-moedelokale\\\/\",\"name\":\"Book et m\u00f8delokale | Officehotel\",\"isPartOf\":{\"@id\":\"https:\\\/\\\/officehotel.dk\\\/#website\"},\"datePublished\":\"2024-06-26T10:52:11+00:00\",\"dateModified\":\"2025-09-01T08:24:00+00:00\",\"breadcrumb\":{\"@id\":\"https:\\\/\\\/officehotel.dk\\\/book-et-moedelokale\\\/#breadcrumb\"},\"inLanguage\":\"en-GB\",\"potentialAction\":[{\"@type\":\"ReadAction\",\"target\":[\"https:\\\/\\\/officehotel.dk\\\/book-et-moedelokale\\\/\"]}]},{\"@type\":\"BreadcrumbList\",\"@id\":\"https:\\\/\\\/officehotel.dk\\\/book-et-moedelokale\\\/#breadcrumb\",\"itemListElement\":[{\"@type\":\"ListItem\",\"position\":1,\"name\":\"Hjem\",\"item\":\"https:\\\/\\\/officehotel.dk\\\/\"},{\"@type\":\"ListItem\",\"position\":2,\"name\":\"Book et m\u00f8delokale\"}]},{\"@type\":\"WebSite\",\"@id\":\"https:\\\/\\\/officehotel.dk\\\/#website\",\"url\":\"https:\\\/\\\/officehotel.dk\\\/\",\"name\":\"Officehotel\",\"description\":\"Kontorhotel med \u00e6rlige priser\",\"publisher\":{\"@id\":\"https:\\\/\\\/officehotel.dk\\\/#organization\"},\"potentialAction\":[{\"@type\":\"SearchAction\",\"target\":{\"@type\":\"EntryPoint\",\"urlTemplate\":\"https:\\\/\\\/officehotel.dk\\\/?s={search_term_string}\"},\"query-input\":{\"@type\":\"PropertyValueSpecification\",\"valueRequired\":true,\"valueName\":\"search_term_string\"}}],\"inLanguage\":\"en-GB\"},{\"@type\":\"Organization\",\"@id\":\"https:\\\/\\\/officehotel.dk\\\/#organization\",\"name\":\"Officehotel\",\"url\":\"https:\\\/\\\/officehotel.dk\\\/\",\"logo\":{\"@type\":\"ImageObject\",\"inLanguage\":\"en-GB\",\"@id\":\"https:\\\/\\\/officehotel.dk\\\/#\\\/schema\\\/logo\\\/image\\\/\",\"url\":\"https:\\\/\\\/officehotel.dk\\\/wp-content\\\/uploads\\\/2022\\\/05\\\/LogoOfficehotel_ny.png\",\"contentUrl\":\"https:\\\/\\\/officehotel.dk\\\/wp-content\\\/uploads\\\/2022\\\/05\\\/LogoOfficehotel_ny.png\",\"width\":350,\"height\":100,\"caption\":\"Officehotel\"},\"image\":{\"@id\":\"https:\\\/\\\/officehotel.dk\\\/#\\\/schema\\\/logo\\\/image\\\/\"},\"sameAs\":[\"https:\\\/\\\/www.facebook.com\\\/officehotel.dk\\\/\",\"https:\\\/\\\/www.instagram.com\\\/officehotel.dk\\\/?hl=da\",\"https:\\\/\\\/dk.linkedin.com\\\/company\\\/officehotel\",\"https:\\\/\\\/www.youtube.com\\\/channel\\\/UCivtr-jB0TSKtcnBNKT4R-Q\\\/featured\"]}]}<\/script>\n<!-- \/ Yoast SEO Premium plugin. -->","yoast_head_json":{"title":"Book et m\u00f8delokale | Officehotel","robots":{"index":"index","follow":"follow","max-snippet":"max-snippet:-1","max-image-preview":"max-image-preview:large","max-video-preview":"max-video-preview:-1"},"canonical":"https:\/\/officehotel.dk\/en\/book-et-moedelokale\/","og_locale":"en_GB","og_type":"article","og_title":"Book et m\u00f8delokale","og_description":"Book et m\u00f8delokale N\u00e5r du er lejer hos Officehotel har du mulighed for at booke gratis m\u00f8delokaler. Klik dig ind p\u00e5 m\u00f8delokale booking her. Bem\u00e6rk, at du skal have et login af vores receptionist, f\u00f8r du kan tilg\u00e5 bookingen. Kun lejere hos hhv. Officehotel kan f\u00e5 adgang. Book dit m\u00f8delokale her","og_url":"https:\/\/officehotel.dk\/en\/book-et-moedelokale\/","og_site_name":"Officehotel","article_publisher":"https:\/\/www.facebook.com\/officehotel.dk\/","article_modified_time":"2025-09-01T08:24:00+00:00","twitter_card":"summary_large_image","twitter_misc":{"Estimated reading time":"1 minute"},"schema":{"@context":"https:\/\/schema.org","@graph":[{"@type":"WebPage","@id":"https:\/\/officehotel.dk\/book-et-moedelokale\/","url":"https:\/\/officehotel.dk\/book-et-moedelokale\/","name":"Book et m\u00f8delokale | Officehotel","isPartOf":{"@id":"https:\/\/officehotel.dk\/#website"},"datePublished":"2024-06-26T10:52:11+00:00","dateModified":"2025-09-01T08:24:00+00:00","breadcrumb":{"@id":"https:\/\/officehotel.dk\/book-et-moedelokale\/#breadcrumb"},"inLanguage":"en-GB","potentialAction":[{"@type":"ReadAction","target":["https:\/\/officehotel.dk\/book-et-moedelokale\/"]}]},{"@type":"BreadcrumbList","@id":"https:\/\/officehotel.dk\/book-et-moedelokale\/#breadcrumb","itemListElement":[{"@type":"ListItem","position":1,"name":"Hjem","item":"https:\/\/officehotel.dk\/"},{"@type":"ListItem","position":2,"name":"Book et m\u00f8delokale"}]},{"@type":"WebSite","@id":"https:\/\/officehotel.dk\/#website","url":"https:\/\/officehotel.dk\/","name":"Officehotel","description":"Kontorhotel med \u00e6rlige priser","publisher":{"@id":"https:\/\/officehotel.dk\/#organization"},"potentialAction":[{"@type":"SearchAction","target":{"@type":"EntryPoint","urlTemplate":"https:\/\/officehotel.dk\/?s={search_term_string}"},"query-input":{"@type":"PropertyValueSpecification","valueRequired":true,"valueName":"search_term_string"}}],"inLanguage":"en-GB"},{"@type":"Organization","@id":"https:\/\/officehotel.dk\/#organization","name":"Officehotel","url":"https:\/\/officehotel.dk\/","logo":{"@type":"ImageObject","inLanguage":"en-GB","@id":"https:\/\/officehotel.dk\/#\/schema\/logo\/image\/","url":"https:\/\/officehotel.dk\/wp-content\/uploads\/2022\/05\/LogoOfficehotel_ny.png","contentUrl":"https:\/\/officehotel.dk\/wp-content\/uploads\/2022\/05\/LogoOfficehotel_ny.png","width":350,"height":100,"caption":"Officehotel"},"image":{"@id":"https:\/\/officehotel.dk\/#\/schema\/logo\/image\/"},"sameAs":["https:\/\/www.facebook.com\/officehotel.dk\/","https:\/\/www.instagram.com\/officehotel.dk\/?hl=da","https:\/\/dk.linkedin.com\/company\/officehotel","https:\/\/www.youtube.com\/channel\/UCivtr-jB0TSKtcnBNKT4R-Q\/featured"]}]}},"_links":{"self":[{"href":"https:\/\/officehotel.dk\/en\/wp-json\/wp\/v2\/pages\/17051","targetHints":{"allow":["GET"]}}],"collection":[{"href":"https:\/\/officehotel.dk\/en\/wp-json\/wp\/v2\/pages"}],"about":[{"href":"https:\/\/officehotel.dk\/en\/wp-json\/wp\/v2\/types\/page"}],"author":[{"embeddable":true,"href":"https:\/\/officehotel.dk\/en\/wp-json\/wp\/v2\/users\/1"}],"replies":[{"embeddable":true,"href":"https:\/\/officehotel.dk\/en\/wp-json\/wp\/v2\/comments?post=17051"}],"version-history":[{"count":22,"href":"https:\/\/officehotel.dk\/en\/wp-json\/wp\/v2\/pages\/17051\/revisions"}],"predecessor-version":[{"id":17392,"href":"https:\/\/officehotel.dk\/en\/wp-json\/wp\/v2\/pages\/17051\/revisions\/17392"}],"wp:attachment":[{"href":"https:\/\/officehotel.dk\/en\/wp-json\/wp\/v2\/media?parent=17051"}],"wp:term":[{"taxonomy":"category","embeddable":true,"href":"https:\/\/officehotel.dk\/en\/wp-json\/wp\/v2\/categories?post=17051"},{"taxonomy":"post_tag","embeddable":true,"href":"https:\/\/officehotel.dk\/en\/wp-json\/wp\/v2\/tags?post=17051"}],"curies":[{"name":"wp","href":"https:\/\/api.w.org\/{rel}","templated":true}]}}