{"id":8021,"date":"2020-04-18T02:26:09","date_gmt":"2020-04-18T00:26:09","guid":{"rendered":"https:\/\/www.gavias-theme.com\/wp\/codesk\/?page_id=8021"},"modified":"2025-09-01T11:56:30","modified_gmt":"2025-09-01T09:56:30","slug":"kontakt-os","status":"publish","type":"page","link":"https:\/\/officehotel.dk\/en\/kontakt-os\/","title":{"rendered":"Contact us"},"content":{"rendered":"<div data-elementor-type=\"wp-page\" data-elementor-id=\"8021\" class=\"elementor elementor-8021\" data-elementor-post-type=\"page\">\n\t\t\t\t\t\t<section data-particle_enable=\"false\" data-particle-mobile-disabled=\"false\" class=\"elementor-section elementor-top-section elementor-element elementor-element-7741d97a elementor-section-content-middle elementor-section-boxed elementor-section-height-default elementor-section-height-default\" data-id=\"7741d97a\" data-element_type=\"section\" data-e-type=\"section\" data-settings=\"{&quot;background_background&quot;:&quot;classic&quot;}\">\n\t\t\t\t\t\t<div class=\"elementor-container elementor-column-gap-no\">\n\t\t\t\t\t<div class=\"elementor-column elementor-col-50 elementor-top-column elementor-element elementor-element-45a97025 column-style-top\" data-id=\"45a97025\" data-element_type=\"column\" data-e-type=\"column\">\n\t\t\t<div class=\"elementor-widget-wrap elementor-element-populated\">\n\t\t\t\t\t\t<div class=\"elementor-element elementor-element-4888fd00 elementor-widget elementor-widget-heading\" data-id=\"4888fd00\" data-element_type=\"widget\" data-e-type=\"widget\" data-widget_type=\"heading.default\">\n\t\t\t\t<div class=\"elementor-widget-container\">\n\t\t\t\t\t<h5 class=\"elementor-heading-title elementor-size-default\">Contact us<\/h5>\t\t\t\t<\/div>\n\t\t\t\t<\/div>\n\t\t\t\t<div class=\"elementor-element elementor-element-61760ab elementor-widget elementor-widget-heading\" data-id=\"61760ab\" data-element_type=\"widget\" data-e-type=\"widget\" data-widget_type=\"heading.default\">\n\t\t\t\t<div class=\"elementor-widget-container\">\n\t\t\t\t\t<h4 class=\"elementor-heading-title elementor-size-default\"><a href=\"tel:004531256060\">+45 31 25 60 60<\/a><\/h4>\t\t\t\t<\/div>\n\t\t\t\t<\/div>\n\t\t\t\t<div class=\"elementor-element elementor-element-2003c0a6 elementor-widget elementor-widget-heading\" data-id=\"2003c0a6\" data-element_type=\"widget\" data-e-type=\"widget\" data-widget_type=\"heading.default\">\n\t\t\t\t<div class=\"elementor-widget-container\">\n\t\t\t\t\t<h4 class=\"elementor-heading-title elementor-size-default\"><a href=\"mailto:info@officehotel.dk\">info@officehotel.dk<\/a><\/h4>\t\t\t\t<\/div>\n\t\t\t\t<\/div>\n\t\t\t\t<div class=\"elementor-element elementor-element-463480b elementor-align-left elementor-widget elementor-widget-elementskit-button\" data-id=\"463480b\" data-element_type=\"widget\" data-e-type=\"widget\" data-widget_type=\"elementskit-button.default\">\n\t\t\t\t<div class=\"elementor-widget-container\">\n\t\t\t\t\t<div class=\"ekit-wid-con\" >\t\t<div class=\"ekit-btn-wraper\">\n\t\t\t\t\t\t\t<a href=\"https:\/\/officehotel.dk\/en\/book-en-fremvisning\/\" class=\"elementskit-btn  whitespace--normal\" id=\"\">\n\t\t\t\t\tBook a showing<i class=\"fas fa-arrow-circle-right\"><\/i>\t\t\t\t<\/a>\n\t\t\t\t\t<\/div>\n        <\/div>\t\t\t\t<\/div>\n\t\t\t\t<\/div>\n\t\t\t\t<div class=\"elementor-element elementor-element-7d2df0f0 elementor-shape-circle e-grid-align-left elementor-grid-0 elementor-widget elementor-widget-social-icons\" data-id=\"7d2df0f0\" data-element_type=\"widget\" data-e-type=\"widget\" data-widget_type=\"social-icons.default\">\n\t\t\t\t<div class=\"elementor-widget-container\">\n\t\t\t\t\t\t\t<div class=\"elementor-social-icons-wrapper elementor-grid\" role=\"list\">\n\t\t\t\t\t\t\t<span class=\"elementor-grid-item\" role=\"listitem\">\n\t\t\t\t\t<a class=\"elementor-icon elementor-social-icon elementor-social-icon-facebook-f elementor-animation-grow elementor-repeater-item-9c86cde\" href=\"https:\/\/www.facebook.com\/officehotel.dk\/\" target=\"_blank\">\n\t\t\t\t\t\t<span class=\"elementor-screen-only\">Facebook-f<\/span>\n\t\t\t\t\t\t<i aria-hidden=\"true\" class=\"fab fa-facebook-f\"><\/i>\t\t\t\t\t<\/a>\n\t\t\t\t<\/span>\n\t\t\t\t\t\t\t<span class=\"elementor-grid-item\" role=\"listitem\">\n\t\t\t\t\t<a class=\"elementor-icon elementor-social-icon elementor-social-icon-instagram elementor-animation-grow elementor-repeater-item-7bcbd9e\" href=\"https:\/\/www.instagram.com\/officehotel.dk\/\" target=\"_blank\">\n\t\t\t\t\t\t<span class=\"elementor-screen-only\">Instagram<\/span>\n\t\t\t\t\t\t<i aria-hidden=\"true\" class=\"fab fa-instagram\"><\/i>\t\t\t\t\t<\/a>\n\t\t\t\t<\/span>\n\t\t\t\t\t\t\t<span class=\"elementor-grid-item\" role=\"listitem\">\n\t\t\t\t\t<a class=\"elementor-icon elementor-social-icon elementor-social-icon-linkedin elementor-animation-grow elementor-repeater-item-bd5677f\" href=\"https:\/\/www.linkedin.com\/company\/37477386\/\" target=\"_blank\">\n\t\t\t\t\t\t<span class=\"elementor-screen-only\">Linkedin<\/span>\n\t\t\t\t\t\t<i aria-hidden=\"true\" class=\"fab fa-linkedin\"><\/i>\t\t\t\t\t<\/a>\n\t\t\t\t<\/span>\n\t\t\t\t\t\t\t<span class=\"elementor-grid-item\" role=\"listitem\">\n\t\t\t\t\t<a class=\"elementor-icon elementor-social-icon elementor-social-icon-youtube elementor-animation-grow elementor-repeater-item-31673c9\" href=\"https:\/\/www.youtube.com\/channel\/UCivtr-jB0TSKtcnBNKT4R-Q\/featured\" target=\"_blank\">\n\t\t\t\t\t\t<span class=\"elementor-screen-only\">Youtube<\/span>\n\t\t\t\t\t\t<i aria-hidden=\"true\" class=\"fab fa-youtube\"><\/i>\t\t\t\t\t<\/a>\n\t\t\t\t<\/span>\n\t\t\t\t\t<\/div>\n\t\t\t\t\t\t<\/div>\n\t\t\t\t<\/div>\n\t\t\t\t\t<\/div>\n\t\t<\/div>\n\t\t\t\t<div class=\"elementor-column elementor-col-50 elementor-top-column elementor-element elementor-element-3336e50c column-style-top\" data-id=\"3336e50c\" data-element_type=\"column\" data-e-type=\"column\">\n\t\t\t<div class=\"elementor-widget-wrap elementor-element-populated\">\n\t\t\t\t\t\t<div class=\"elementor-element elementor-element-aea83c2 elementor-widget elementor-widget-image\" data-id=\"aea83c2\" data-element_type=\"widget\" data-e-type=\"widget\" data-widget_type=\"image.default\">\n\t\t\t\t<div class=\"elementor-widget-container\">\n\t\t\t\t\t\t\t\t\t\t\t\t\t\t\t<img decoding=\"async\" src=\"https:\/\/officehotel.dk\/wp-content\/uploads\/2022\/03\/Billede_750x510_lobby.webp\" title=\"Billede_750x510_lobby\" alt=\"Billede_750x510_lobby\" loading=\"lazy\" \/>\t\t\t\t\t\t\t\t\t\t\t\t\t\t\t<\/div>\n\t\t\t\t<\/div>\n\t\t\t\t\t<\/div>\n\t\t<\/div>\n\t\t\t\t\t<\/div>\n\t\t<\/section>\n\t\t\t\t<section data-particle_enable=\"false\" data-particle-mobile-disabled=\"false\" class=\"elementor-section elementor-top-section elementor-element elementor-element-be5ca5f elementor-section-boxed elementor-section-height-default elementor-section-height-default\" data-id=\"be5ca5f\" data-element_type=\"section\" data-e-type=\"section\" data-settings=\"{&quot;background_background&quot;:&quot;classic&quot;}\">\n\t\t\t\t\t\t<div class=\"elementor-container elementor-column-gap-default\">\n\t\t\t\t\t<div class=\"elementor-column elementor-col-100 elementor-top-column elementor-element elementor-element-21c6756 column-style-top\" data-id=\"21c6756\" data-element_type=\"column\" data-e-type=\"column\">\n\t\t\t<div class=\"elementor-widget-wrap elementor-element-populated\">\n\t\t\t\t\t\t<div class=\"elementor-element elementor-element-4b79481 elementor-flip-box--3d elementor-flip-box--effect-flip elementor-flip-box--direction-up elementor-widget elementor-widget-flip-box\" data-id=\"4b79481\" data-element_type=\"widget\" data-e-type=\"widget\" data-widget_type=\"flip-box.default\">\n\t\t\t\t<div class=\"elementor-widget-container\">\n\t\t\t\t\t\t\t<div class=\"elementor-flip-box\" tabindex=\"0\">\n\t\t\t<div class=\"elementor-flip-box__layer elementor-flip-box__front\">\n\t\t\t\t<div class=\"elementor-flip-box__layer__overlay\">\n\t\t\t\t\t<div class=\"elementor-flip-box__layer__inner\">\n\t\t\t\t\t\t\t\t\t\t\t\t\t<div class=\"elementor-icon-wrapper elementor-view-default\">\n\t\t\t\t\t\t\t\t<div class=\"elementor-icon\">\n\t\t\t\t\t\t\t\t\t<i aria-hidden=\"true\" class=\"fas fa-map-pin\"><\/i>\t\t\t\t\t\t\t\t<\/div>\n\t\t\t\t\t\t\t<\/div>\n\t\t\t\t\t\t\n\t\t\t\t\t\t\t\t\t\t\t\t\t<h3 class=\"elementor-flip-box__layer__title\">\n\t\t\t\t\t\t\t\tKobbelv\u00e6nget 74<br> 2700 Br\u00f8nsh\u00f8j\t\t\t\t\t\t\t<\/h3>\n\t\t\t\t\t\t\n\t\t\t\t\t\t\t\t\t\t\t<\/div>\n\t\t\t\t<\/div>\n\t\t\t<\/div>\n\t\t\t<div class=\"elementor-flip-box__layer elementor-flip-box__back\">\n\t\t\t<div class=\"elementor-flip-box__layer__overlay\">\n\t\t\t\t<div class=\"elementor-flip-box__layer__inner\">\n\t\t\t\t\t\t\t\t\t\t\t<h3 class=\"elementor-flip-box__layer__title\">\n\t\t\t\t\t\t\t Officehotel Br\u00f8nsh\u00f8j\t\t\t\t\t\t<\/h3>\n\t\t\t\t\t\n\t\t\t\t\t\t\t\t\t\t\t<div class=\"elementor-flip-box__layer__description\">\n\t\t\t\t\t\t\tOur office hotel in Br\u00f8nsh\u00f8j is newly renovated in a modern style,<br>\nlocated along the well-visited Frederikssundsvej.\t\t\t\t\t\t<\/div>\n\t\t\t\t\t\n\t\t\t\t\t\t\t\t\t\t\t<a class=\"elementor-flip-box__button elementor-button elementor-size-sm\" href=\"https:\/\/officehotel.dk\/en\/broenshoej\/\">\n\t\t\t\t\t\t\tLearn more here\t\t\t\t\t\t<\/a>\n\t\t\t\t\t\t\t\t<\/div>\n\t\t<\/div>\n\t\t<\/div>\n\t\t<\/div>\n\t\t\t\t\t\t<\/div>\n\t\t\t\t<\/div>\n\t\t\t\t\t<\/div>\n\t\t<\/div>\n\t\t\t\t\t<\/div>\n\t\t<\/section>\n\t\t\t\t<section data-particle_enable=\"false\" data-particle-mobile-disabled=\"false\" class=\"elementor-section elementor-top-section elementor-element elementor-element-7f12fbd elementor-section-full_width elementor-section-height-min-height elementor-section-height-default elementor-section-items-middle\" data-id=\"7f12fbd\" data-element_type=\"section\" data-e-type=\"section\">\n\t\t\t\t\t\t<div class=\"elementor-container elementor-column-gap-default\">\n\t\t\t\t\t<div class=\"elementor-column elementor-col-100 elementor-top-column elementor-element elementor-element-7d1c1230 column-style-top\" data-id=\"7d1c1230\" data-element_type=\"column\" data-e-type=\"column\">\n\t\t\t<div class=\"elementor-widget-wrap elementor-element-populated\">\n\t\t\t\t\t\t<div class=\"elementor-element elementor-element-5f9547ae elementor-widget elementor-widget-google_maps\" data-id=\"5f9547ae\" data-element_type=\"widget\" data-e-type=\"widget\" data-widget_type=\"google_maps.default\">\n\t\t\t\t<div class=\"elementor-widget-container\">\n\t\t\t\t\t\t\t<div class=\"elementor-custom-embed\">\n\t\t\t<iframe loading=\"lazy\"\n\t\t\t\t\tsrc=\"https:\/\/maps.google.com\/maps?q=Officehotel&#038;t=m&#038;z=11&#038;output=embed&#038;iwloc=near\"\n\t\t\t\t\ttitle=\"Officehotel\"\n\t\t\t\t\taria-label=\"Officehotel\"\n\t\t\t><\/iframe>\n\t\t<\/div>\n\t\t\t\t\t\t<\/div>\n\t\t\t\t<\/div>\n\t\t\t\t\t<\/div>\n\t\t<\/div>\n\t\t\t\t\t<\/div>\n\t\t<\/section>\n\t\t\t\t<\/div>","protected":false},"excerpt":{"rendered":"<p>Kontakt os +45 31 25 60 60 info@officehotel.dk Book en fremvisning Facebook-f Instagram Linkedin Youtube Kobbelv\u00e6nget 74 2700 Br\u00f8nsh\u00f8j Officehotel Br\u00f8nsh\u00f8j Vores kontorhotel i Br\u00f8nsh\u00f8j er nyrenoveret i moderne stil, der ligger langs velbes\u00f8gte Frederikssundsvej. L\u00e6s mere her<\/p>","protected":false},"author":1,"featured_media":0,"parent":0,"menu_order":0,"comment_status":"closed","ping_status":"closed","template":"","meta":{"footnotes":""},"categories":[],"tags":[],"class_list":["post-8021","page","type-page","status-publish","hentry"],"yoast_head":"<!-- This site is optimized with the Yoast SEO Premium plugin v27.3 (Yoast SEO v27.3) - https:\/\/yoast.com\/product\/yoast-seo-premium-wordpress\/ -->\n<title>Kontakt os | Officehotel<\/title>\n<meta name=\"description\" content=\"Har du nogen sp\u00f8rgsm\u00e5l vedr. Officehotel, er du velkommen til at kontakte os p\u00e5 mail eller telefon. Receptionen er \u00e5ben mandag til fredag.\" \/>\n<meta name=\"robots\" content=\"index, follow, max-snippet:-1, max-image-preview:large, max-video-preview:-1\" \/>\n<link rel=\"canonical\" href=\"https:\/\/officehotel.dk\/en\/kontakt-os\/\" \/>\n<meta property=\"og:locale\" content=\"en_GB\" \/>\n<meta property=\"og:type\" content=\"article\" \/>\n<meta property=\"og:title\" content=\"Kontakt os\" \/>\n<meta property=\"og:description\" content=\"Har du nogen sp\u00f8rgsm\u00e5l vedr. Officehotel, er du velkommen til at kontakte os p\u00e5 mail eller telefon. Receptionen er \u00e5ben mandag til fredag.\" \/>\n<meta property=\"og:url\" content=\"https:\/\/officehotel.dk\/en\/kontakt-os\/\" \/>\n<meta property=\"og:site_name\" content=\"Officehotel\" \/>\n<meta property=\"article:publisher\" content=\"https:\/\/www.facebook.com\/officehotel.dk\/\" \/>\n<meta property=\"article:modified_time\" content=\"2025-09-01T09:56:30+00:00\" \/>\n<meta property=\"og:image\" content=\"https:\/\/officehotel.dk\/wp-content\/uploads\/2022\/03\/Billede_750x510_lobby.webp\" \/>\n<meta name=\"twitter:card\" content=\"summary_large_image\" \/>\n<meta name=\"twitter:label1\" content=\"Estimated reading time\" \/>\n\t<meta name=\"twitter:data1\" content=\"1 minute\" \/>\n<script type=\"application\/ld+json\" class=\"yoast-schema-graph\">{\"@context\":\"https:\\\/\\\/schema.org\",\"@graph\":[{\"@type\":\"WebPage\",\"@id\":\"https:\\\/\\\/officehotel.dk\\\/kontakt-os\\\/\",\"url\":\"https:\\\/\\\/officehotel.dk\\\/kontakt-os\\\/\",\"name\":\"Kontakt os | Officehotel\",\"isPartOf\":{\"@id\":\"https:\\\/\\\/officehotel.dk\\\/#website\"},\"primaryImageOfPage\":{\"@id\":\"https:\\\/\\\/officehotel.dk\\\/kontakt-os\\\/#primaryimage\"},\"image\":{\"@id\":\"https:\\\/\\\/officehotel.dk\\\/kontakt-os\\\/#primaryimage\"},\"thumbnailUrl\":\"https:\\\/\\\/officehotel.dk\\\/wp-content\\\/uploads\\\/2022\\\/03\\\/Billede_750x510_lobby.webp\",\"datePublished\":\"2020-04-18T00:26:09+00:00\",\"dateModified\":\"2025-09-01T09:56:30+00:00\",\"description\":\"Har du nogen sp\u00f8rgsm\u00e5l vedr. Officehotel, er du velkommen til at kontakte os p\u00e5 mail eller telefon. Receptionen er \u00e5ben mandag til fredag.\",\"breadcrumb\":{\"@id\":\"https:\\\/\\\/officehotel.dk\\\/kontakt-os\\\/#breadcrumb\"},\"inLanguage\":\"en-GB\",\"potentialAction\":[{\"@type\":\"ReadAction\",\"target\":[\"https:\\\/\\\/officehotel.dk\\\/kontakt-os\\\/\"]}]},{\"@type\":\"ImageObject\",\"inLanguage\":\"en-GB\",\"@id\":\"https:\\\/\\\/officehotel.dk\\\/kontakt-os\\\/#primaryimage\",\"url\":\"https:\\\/\\\/officehotel.dk\\\/wp-content\\\/uploads\\\/2022\\\/03\\\/Billede_750x510_lobby.webp\",\"contentUrl\":\"https:\\\/\\\/officehotel.dk\\\/wp-content\\\/uploads\\\/2022\\\/03\\\/Billede_750x510_lobby.webp\"},{\"@type\":\"BreadcrumbList\",\"@id\":\"https:\\\/\\\/officehotel.dk\\\/kontakt-os\\\/#breadcrumb\",\"itemListElement\":[{\"@type\":\"ListItem\",\"position\":1,\"name\":\"Hjem\",\"item\":\"https:\\\/\\\/officehotel.dk\\\/\"},{\"@type\":\"ListItem\",\"position\":2,\"name\":\"Kontakt os\"}]},{\"@type\":\"WebSite\",\"@id\":\"https:\\\/\\\/officehotel.dk\\\/#website\",\"url\":\"https:\\\/\\\/officehotel.dk\\\/\",\"name\":\"Officehotel\",\"description\":\"Kontorhotel med \u00e6rlige priser\",\"publisher\":{\"@id\":\"https:\\\/\\\/officehotel.dk\\\/#organization\"},\"potentialAction\":[{\"@type\":\"SearchAction\",\"target\":{\"@type\":\"EntryPoint\",\"urlTemplate\":\"https:\\\/\\\/officehotel.dk\\\/?s={search_term_string}\"},\"query-input\":{\"@type\":\"PropertyValueSpecification\",\"valueRequired\":true,\"valueName\":\"search_term_string\"}}],\"inLanguage\":\"en-GB\"},{\"@type\":\"Organization\",\"@id\":\"https:\\\/\\\/officehotel.dk\\\/#organization\",\"name\":\"Officehotel\",\"url\":\"https:\\\/\\\/officehotel.dk\\\/\",\"logo\":{\"@type\":\"ImageObject\",\"inLanguage\":\"en-GB\",\"@id\":\"https:\\\/\\\/officehotel.dk\\\/#\\\/schema\\\/logo\\\/image\\\/\",\"url\":\"https:\\\/\\\/officehotel.dk\\\/wp-content\\\/uploads\\\/2022\\\/05\\\/LogoOfficehotel_ny.png\",\"contentUrl\":\"https:\\\/\\\/officehotel.dk\\\/wp-content\\\/uploads\\\/2022\\\/05\\\/LogoOfficehotel_ny.png\",\"width\":350,\"height\":100,\"caption\":\"Officehotel\"},\"image\":{\"@id\":\"https:\\\/\\\/officehotel.dk\\\/#\\\/schema\\\/logo\\\/image\\\/\"},\"sameAs\":[\"https:\\\/\\\/www.facebook.com\\\/officehotel.dk\\\/\",\"https:\\\/\\\/www.instagram.com\\\/officehotel.dk\\\/?hl=da\",\"https:\\\/\\\/dk.linkedin.com\\\/company\\\/officehotel\",\"https:\\\/\\\/www.youtube.com\\\/channel\\\/UCivtr-jB0TSKtcnBNKT4R-Q\\\/featured\"]}]}<\/script>\n<!-- \/ Yoast SEO Premium plugin. -->","yoast_head_json":{"title":"Kontakt os | Officehotel","description":"Har du nogen sp\u00f8rgsm\u00e5l vedr. Officehotel, er du velkommen til at kontakte os p\u00e5 mail eller telefon. Receptionen er \u00e5ben mandag til fredag.","robots":{"index":"index","follow":"follow","max-snippet":"max-snippet:-1","max-image-preview":"max-image-preview:large","max-video-preview":"max-video-preview:-1"},"canonical":"https:\/\/officehotel.dk\/en\/kontakt-os\/","og_locale":"en_GB","og_type":"article","og_title":"Kontakt os","og_description":"Har du nogen sp\u00f8rgsm\u00e5l vedr. Officehotel, er du velkommen til at kontakte os p\u00e5 mail eller telefon. Receptionen er \u00e5ben mandag til fredag.","og_url":"https:\/\/officehotel.dk\/en\/kontakt-os\/","og_site_name":"Officehotel","article_publisher":"https:\/\/www.facebook.com\/officehotel.dk\/","article_modified_time":"2025-09-01T09:56:30+00:00","og_image":[{"url":"https:\/\/officehotel.dk\/wp-content\/uploads\/2022\/03\/Billede_750x510_lobby.webp","type":"","width":"","height":""}],"twitter_card":"summary_large_image","twitter_misc":{"Estimated reading time":"1 minute"},"schema":{"@context":"https:\/\/schema.org","@graph":[{"@type":"WebPage","@id":"https:\/\/officehotel.dk\/kontakt-os\/","url":"https:\/\/officehotel.dk\/kontakt-os\/","name":"Kontakt os | Officehotel","isPartOf":{"@id":"https:\/\/officehotel.dk\/#website"},"primaryImageOfPage":{"@id":"https:\/\/officehotel.dk\/kontakt-os\/#primaryimage"},"image":{"@id":"https:\/\/officehotel.dk\/kontakt-os\/#primaryimage"},"thumbnailUrl":"https:\/\/officehotel.dk\/wp-content\/uploads\/2022\/03\/Billede_750x510_lobby.webp","datePublished":"2020-04-18T00:26:09+00:00","dateModified":"2025-09-01T09:56:30+00:00","description":"Har du nogen sp\u00f8rgsm\u00e5l vedr. Officehotel, er du velkommen til at kontakte os p\u00e5 mail eller telefon. Receptionen er \u00e5ben mandag til fredag.","breadcrumb":{"@id":"https:\/\/officehotel.dk\/kontakt-os\/#breadcrumb"},"inLanguage":"en-GB","potentialAction":[{"@type":"ReadAction","target":["https:\/\/officehotel.dk\/kontakt-os\/"]}]},{"@type":"ImageObject","inLanguage":"en-GB","@id":"https:\/\/officehotel.dk\/kontakt-os\/#primaryimage","url":"https:\/\/officehotel.dk\/wp-content\/uploads\/2022\/03\/Billede_750x510_lobby.webp","contentUrl":"https:\/\/officehotel.dk\/wp-content\/uploads\/2022\/03\/Billede_750x510_lobby.webp"},{"@type":"BreadcrumbList","@id":"https:\/\/officehotel.dk\/kontakt-os\/#breadcrumb","itemListElement":[{"@type":"ListItem","position":1,"name":"Hjem","item":"https:\/\/officehotel.dk\/"},{"@type":"ListItem","position":2,"name":"Kontakt os"}]},{"@type":"WebSite","@id":"https:\/\/officehotel.dk\/#website","url":"https:\/\/officehotel.dk\/","name":"Officehotel","description":"Kontorhotel med \u00e6rlige priser","publisher":{"@id":"https:\/\/officehotel.dk\/#organization"},"potentialAction":[{"@type":"SearchAction","target":{"@type":"EntryPoint","urlTemplate":"https:\/\/officehotel.dk\/?s={search_term_string}"},"query-input":{"@type":"PropertyValueSpecification","valueRequired":true,"valueName":"search_term_string"}}],"inLanguage":"en-GB"},{"@type":"Organization","@id":"https:\/\/officehotel.dk\/#organization","name":"Officehotel","url":"https:\/\/officehotel.dk\/","logo":{"@type":"ImageObject","inLanguage":"en-GB","@id":"https:\/\/officehotel.dk\/#\/schema\/logo\/image\/","url":"https:\/\/officehotel.dk\/wp-content\/uploads\/2022\/05\/LogoOfficehotel_ny.png","contentUrl":"https:\/\/officehotel.dk\/wp-content\/uploads\/2022\/05\/LogoOfficehotel_ny.png","width":350,"height":100,"caption":"Officehotel"},"image":{"@id":"https:\/\/officehotel.dk\/#\/schema\/logo\/image\/"},"sameAs":["https:\/\/www.facebook.com\/officehotel.dk\/","https:\/\/www.instagram.com\/officehotel.dk\/?hl=da","https:\/\/dk.linkedin.com\/company\/officehotel","https:\/\/www.youtube.com\/channel\/UCivtr-jB0TSKtcnBNKT4R-Q\/featured"]}]}},"_links":{"self":[{"href":"https:\/\/officehotel.dk\/en\/wp-json\/wp\/v2\/pages\/8021","targetHints":{"allow":["GET"]}}],"collection":[{"href":"https:\/\/officehotel.dk\/en\/wp-json\/wp\/v2\/pages"}],"about":[{"href":"https:\/\/officehotel.dk\/en\/wp-json\/wp\/v2\/types\/page"}],"author":[{"embeddable":true,"href":"https:\/\/officehotel.dk\/en\/wp-json\/wp\/v2\/users\/1"}],"replies":[{"embeddable":true,"href":"https:\/\/officehotel.dk\/en\/wp-json\/wp\/v2\/comments?post=8021"}],"version-history":[{"count":202,"href":"https:\/\/officehotel.dk\/en\/wp-json\/wp\/v2\/pages\/8021\/revisions"}],"predecessor-version":[{"id":17446,"href":"https:\/\/officehotel.dk\/en\/wp-json\/wp\/v2\/pages\/8021\/revisions\/17446"}],"wp:attachment":[{"href":"https:\/\/officehotel.dk\/en\/wp-json\/wp\/v2\/media?parent=8021"}],"wp:term":[{"taxonomy":"category","embeddable":true,"href":"https:\/\/officehotel.dk\/en\/wp-json\/wp\/v2\/categories?post=8021"},{"taxonomy":"post_tag","embeddable":true,"href":"https:\/\/officehotel.dk\/en\/wp-json\/wp\/v2\/tags?post=8021"}],"curies":[{"name":"wp","href":"https:\/\/api.w.org\/{rel}","templated":true}]}}