{"id":9359,"date":"2021-08-26T12:40:42","date_gmt":"2021-08-26T10:40:42","guid":{"rendered":"http:\/\/officehotel.dk\/?page_id=9359"},"modified":"2025-01-17T15:49:14","modified_gmt":"2025-01-17T14:49:14","slug":"lej-en-parkeringsplads","status":"publish","type":"page","link":"https:\/\/officehotel.dk\/en\/lej-en-parkeringsplads\/","title":{"rendered":"Rent a parking space"},"content":{"rendered":"\t\t<div data-elementor-type=\"wp-page\" data-elementor-id=\"9359\" class=\"elementor elementor-9359\" data-elementor-post-type=\"page\">\n\t\t\t\t\t\t<section data-particle_enable=\"false\" data-particle-mobile-disabled=\"false\" class=\"elementor-section elementor-top-section elementor-element elementor-element-3137f113 elementor-section-height-min-height elementor-section-content-middle elementor-section-boxed elementor-section-height-default elementor-section-items-middle\" data-id=\"3137f113\" data-element_type=\"section\" data-e-type=\"section\" data-settings=\"{&quot;background_background&quot;:&quot;classic&quot;,&quot;background_motion_fx_motion_fx_scrolling&quot;:&quot;yes&quot;,&quot;background_motion_fx_devices&quot;:[&quot;desktop&quot;,&quot;tablet&quot;,&quot;mobile&quot;]}\">\n\t\t\t\t\t\t\t<div class=\"elementor-background-overlay\"><\/div>\n\t\t\t\t\t\t\t<div class=\"elementor-container elementor-column-gap-no\">\n\t\t\t\t\t<div class=\"elementor-column elementor-col-100 elementor-top-column elementor-element elementor-element-156a631e column-style-top\" data-id=\"156a631e\" data-element_type=\"column\" data-e-type=\"column\">\n\t\t\t<div class=\"elementor-widget-wrap\">\n\t\t\t\t\t\t\t<\/div>\n\t\t<\/div>\n\t\t\t\t\t<\/div>\n\t\t<\/section>\n\t\t\t\t<section data-particle_enable=\"false\" data-particle-mobile-disabled=\"false\" class=\"elementor-section elementor-top-section elementor-element elementor-element-72531fa6 elementor-section-boxed elementor-section-height-default elementor-section-height-default\" data-id=\"72531fa6\" data-element_type=\"section\" data-e-type=\"section\">\n\t\t\t\t\t\t<div class=\"elementor-container elementor-column-gap-default\">\n\t\t\t\t\t<div class=\"elementor-column elementor-col-100 elementor-top-column elementor-element elementor-element-da965bf column-style-top\" data-id=\"da965bf\" data-element_type=\"column\" data-e-type=\"column\">\n\t\t\t<div class=\"elementor-widget-wrap elementor-element-populated\">\n\t\t\t\t\t\t<div class=\"elementor-element elementor-element-47ffcb1c elementor-widget elementor-widget-spacer\" data-id=\"47ffcb1c\" data-element_type=\"widget\" data-e-type=\"widget\" data-widget_type=\"spacer.default\">\n\t\t\t\t<div class=\"elementor-widget-container\">\n\t\t\t\t\t\t\t<div class=\"elementor-spacer\">\n\t\t\t<div class=\"elementor-spacer-inner\"><\/div>\n\t\t<\/div>\n\t\t\t\t\t\t<\/div>\n\t\t\t\t<\/div>\n\t\t\t\t<div class=\"elementor-element elementor-element-e02bf05 elementor-widget elementor-widget-heading\" data-id=\"e02bf05\" data-element_type=\"widget\" data-e-type=\"widget\" data-widget_type=\"heading.default\">\n\t\t\t\t<div class=\"elementor-widget-container\">\n\t\t\t\t\t<h2 class=\"elementor-heading-title elementor-size-default\">Officehotel i Br\u00f8nsh\u00f8j<\/h2>\t\t\t\t<\/div>\n\t\t\t\t<\/div>\n\t\t\t\t<div class=\"elementor-element elementor-element-44e48e0 elementor-widget elementor-widget-text-editor\" data-id=\"44e48e0\" data-element_type=\"widget\" data-e-type=\"widget\" data-widget_type=\"text-editor.default\">\n\t\t\t\t<div class=\"elementor-widget-container\">\n\t\t\t\t\t\t\t\t\t<p><b>NYHED! <\/b>Vi kan tilbyde at leje en flydende eller fast plads i den spritnye p-k\u00e6lder i Br\u00f8nsh\u00f8j.<\/p><p>Du kan ogs\u00e5 parkere i g\u00e5rden &#8211; bem\u00e6rk, der er begr\u00e6nset antal pladser. Som Officehotel lejer skal du registrere dit registreringsnummer &#8211; sp\u00f8rg venligst i receptionen, s\u00e5 hj\u00e6lper vi dig. Dine g\u00e6ster kan betale via APCOA FLOW eller EasyPark app.<\/p><p>Det er ogs\u00e5 muligt at parkere i gaderne rundt omkring Officehotel &#8211; det er gratis! V\u00e6r dog obs p\u00e5, at der er 3 timers begr\u00e6nsning, da vi ligger i K\u00f8benhavns Kommune.<\/p><p>Vi har desuden 10 p-pladser i p-k\u00e6lder under Officehotel (nedk\u00f8rsel fra Kobbelv\u00e6nget 76). V\u00e6r dog opm\u00e6rksom p\u00e5, at p-k\u00e6lderen har en meget smal nedk\u00f8rsel og ikke meget plads, derfor er p-k\u00e6lderen kun for sm\u00e5, smalle biler.<\/p><p>Kontakt os, hvis du \u00f8nsker mere info.<\/p>\t\t\t\t\t\t\t\t<\/div>\n\t\t\t\t<\/div>\n\t\t\t\t<div class=\"elementor-element elementor-element-4002895 elementor-widget elementor-widget-menu-anchor\" data-id=\"4002895\" data-element_type=\"widget\" data-e-type=\"widget\" data-widget_type=\"menu-anchor.default\">\n\t\t\t\t<div class=\"elementor-widget-container\">\n\t\t\t\t\t\t\t<div class=\"elementor-menu-anchor\" id=\"el-ladestandere\"><\/div>\n\t\t\t\t\t\t<\/div>\n\t\t\t\t<\/div>\n\t\t\t\t\t<\/div>\n\t\t<\/div>\n\t\t\t\t\t<\/div>\n\t\t<\/section>\n\t\t\t\t<section data-particle_enable=\"false\" data-particle-mobile-disabled=\"false\" class=\"elementor-section elementor-top-section elementor-element elementor-element-ad2edcb elementor-section-full_width elementor-section-height-default elementor-section-height-default\" data-id=\"ad2edcb\" data-element_type=\"section\" data-e-type=\"section\">\n\t\t\t\t\t\t<div class=\"elementor-container elementor-column-gap-default\">\n\t\t\t\t\t<div class=\"elementor-column elementor-col-100 elementor-top-column elementor-element elementor-element-82f7f1e column-style-top\" data-id=\"82f7f1e\" data-element_type=\"column\" data-e-type=\"column\">\n\t\t\t<div class=\"elementor-widget-wrap elementor-element-populated\">\n\t\t\t\t\t\t<div class=\"elementor-element elementor-element-03cdd45 elementor-widget-divider--view-line_text elementor-widget-divider--element-align-left elementor-widget elementor-widget-divider\" data-id=\"03cdd45\" data-element_type=\"widget\" data-e-type=\"widget\" data-widget_type=\"divider.default\">\n\t\t\t\t<div class=\"elementor-widget-container\">\n\t\t\t\t\t\t\t<div class=\"elementor-divider\">\n\t\t\t<span class=\"elementor-divider-separator\">\n\t\t\t\t\t\t\t<span class=\"elementor-divider__text elementor-divider__element\">\n\t\t\t\tMere om <b>Officehotel<\/b>\t\t\t\t<\/span>\n\t\t\t\t\t\t<\/span>\n\t\t<\/div>\n\t\t\t\t\t\t<\/div>\n\t\t\t\t<\/div>\n\t\t\t\t<div class=\"elementor-element elementor-element-4e3c1b9 elementor-widget elementor-widget-spacer\" data-id=\"4e3c1b9\" data-element_type=\"widget\" data-e-type=\"widget\" data-widget_type=\"spacer.default\">\n\t\t\t\t<div class=\"elementor-widget-container\">\n\t\t\t\t\t\t\t<div class=\"elementor-spacer\">\n\t\t\t<div class=\"elementor-spacer-inner\"><\/div>\n\t\t<\/div>\n\t\t\t\t\t\t<\/div>\n\t\t\t\t<\/div>\n\t\t\t\t<div class=\"elementor-element elementor-element-f1fe317 elementor-grid-3 elementor-grid-tablet-2 elementor-grid-mobile-1 elementor-posts--thumbnail-top elementor-widget elementor-widget-posts\" data-id=\"f1fe317\" data-element_type=\"widget\" data-e-type=\"widget\" data-settings=\"{&quot;classic_row_gap&quot;:{&quot;unit&quot;:&quot;px&quot;,&quot;size&quot;:&quot;50&quot;,&quot;sizes&quot;:[]},&quot;classic_columns&quot;:&quot;3&quot;,&quot;classic_columns_tablet&quot;:&quot;2&quot;,&quot;classic_columns_mobile&quot;:&quot;1&quot;,&quot;classic_row_gap_tablet&quot;:{&quot;unit&quot;:&quot;px&quot;,&quot;size&quot;:&quot;&quot;,&quot;sizes&quot;:[]},&quot;classic_row_gap_mobile&quot;:{&quot;unit&quot;:&quot;px&quot;,&quot;size&quot;:&quot;&quot;,&quot;sizes&quot;:[]}}\" data-widget_type=\"posts.classic\">\n\t\t\t\t<div class=\"elementor-widget-container\">\n\t\t\t\t\t\t\t<div class=\"elementor-posts-container elementor-posts elementor-posts--skin-classic elementor-grid\" role=\"list\">\n\t\t\t\t<article class=\"elementor-post elementor-grid-item post-10490 page type-page status-publish has-post-thumbnail hentry category-artikel\" role=\"listitem\">\n\t\t\t\t<a class=\"elementor-post__thumbnail__link\" href=\"https:\/\/officehotel.dk\/en\/fleksible-forhold\/\" tabindex=\"-1\" target=&quot;_blank&quot;>\n\t\t\t<div class=\"elementor-post__thumbnail\"><img fetchpriority=\"high\" decoding=\"async\" width=\"750\" height=\"510\" src=\"https:\/\/officehotel.dk\/wp-content\/uploads\/2021\/09\/image00016-750x510.webp\" class=\"attachment-medium size-medium wp-image-10585\" alt=\"\" \/><\/div>\n\t\t<\/a>\n\t\t\t\t<div class=\"elementor-post__text\">\n\t\t\t\t<h3 class=\"elementor-post__title\">\n\t\t\t<a href=\"https:\/\/officehotel.dk\/en\/fleksible-forhold\/\" target=&quot;_blank&quot;>\n\t\t\t\tFleksible forhold\t\t\t<\/a>\n\t\t<\/h3>\n\t\t\t\t<div class=\"elementor-post__excerpt\">\n\t\t\t<p>Det skal v\u00e6re nemt at v\u00e6re lejer hos Officehotel Hos Officehotel lejer du et privat<\/p>\n\t\t<\/div>\n\t\t\n\t\t<a class=\"elementor-post__read-more\" href=\"https:\/\/officehotel.dk\/en\/fleksible-forhold\/\" aria-label=\"Read more about Fleksible forhold\" tabindex=\"-1\" target=\"_blank\">\n\t\t\tL\u00e6s mere \u00bb\t\t<\/a>\n\n\t\t\t\t<\/div>\n\t\t\t\t<\/article>\n\t\t\t\t<article class=\"elementor-post elementor-grid-item post-10505 page type-page status-publish has-post-thumbnail hentry category-artikel\" role=\"listitem\">\n\t\t\t\t<a class=\"elementor-post__thumbnail__link\" href=\"https:\/\/officehotel.dk\/en\/kontormoebler\/\" tabindex=\"-1\" target=&quot;_blank&quot;>\n\t\t\t<div class=\"elementor-post__thumbnail\"><img decoding=\"async\" width=\"750\" height=\"510\" src=\"https:\/\/officehotel.dk\/wp-content\/uploads\/2021\/11\/Billede_750x510_kontormoebler.webp\" class=\"attachment-medium size-medium wp-image-11930\" alt=\"\" \/><\/div>\n\t\t<\/a>\n\t\t\t\t<div class=\"elementor-post__text\">\n\t\t\t\t<h3 class=\"elementor-post__title\">\n\t\t\t<a href=\"https:\/\/officehotel.dk\/en\/kontormoebler\/\" target=&quot;_blank&quot;>\n\t\t\t\tKontorm\u00f8bler\t\t\t<\/a>\n\t\t<\/h3>\n\t\t\t\t<div class=\"elementor-post__excerpt\">\n\t\t\t<p>M\u00f8bler til dit nye kontor &#8211; hvad skal du v\u00e6lge? Hos Officehotel erfarer vi, at<\/p>\n\t\t<\/div>\n\t\t\n\t\t<a class=\"elementor-post__read-more\" href=\"https:\/\/officehotel.dk\/en\/kontormoebler\/\" aria-label=\"Read more about Kontorm\u00f8bler\" tabindex=\"-1\" target=\"_blank\">\n\t\t\tL\u00e6s mere \u00bb\t\t<\/a>\n\n\t\t\t\t<\/div>\n\t\t\t\t<\/article>\n\t\t\t\t<article class=\"elementor-post elementor-grid-item post-10818 page type-page status-publish has-post-thumbnail hentry category-artikel\" role=\"listitem\">\n\t\t\t\t<a class=\"elementor-post__thumbnail__link\" href=\"https:\/\/officehotel.dk\/en\/kontorgaranti\/\" tabindex=\"-1\" target=&quot;_blank&quot;>\n\t\t\t<div class=\"elementor-post__thumbnail\"><img decoding=\"async\" width=\"750\" height=\"510\" src=\"https:\/\/officehotel.dk\/wp-content\/uploads\/2021\/11\/Billede_750x510_kontorgaranti.webp\" class=\"attachment-medium size-medium wp-image-11921\" alt=\"\" \/><\/div>\n\t\t<\/a>\n\t\t\t\t<div class=\"elementor-post__text\">\n\t\t\t\t<h3 class=\"elementor-post__title\">\n\t\t\t<a href=\"https:\/\/officehotel.dk\/en\/kontorgaranti\/\" target=&quot;_blank&quot;>\n\t\t\t\tKontorgaranti\t\t\t<\/a>\n\t\t<\/h3>\n\t\t\t\t<div class=\"elementor-post__excerpt\">\n\t\t\t<p>Vi garanterer dig et lokale &#8211; og hj\u00e6lper dig ud af dobbelt husleje. Afh\u00e6ngigt af,<\/p>\n\t\t<\/div>\n\t\t\n\t\t<a class=\"elementor-post__read-more\" href=\"https:\/\/officehotel.dk\/en\/kontorgaranti\/\" aria-label=\"Read more about Kontorgaranti\" tabindex=\"-1\" target=\"_blank\">\n\t\t\tL\u00e6s mere \u00bb\t\t<\/a>\n\n\t\t\t\t<\/div>\n\t\t\t\t<\/article>\n\t\t\t\t<article class=\"elementor-post elementor-grid-item post-10489 page type-page status-publish has-post-thumbnail hentry category-artikel\" role=\"listitem\">\n\t\t\t\t<a class=\"elementor-post__thumbnail__link\" href=\"https:\/\/officehotel.dk\/en\/satellitkontor\/\" tabindex=\"-1\" target=&quot;_blank&quot;>\n\t\t\t<div class=\"elementor-post__thumbnail\"><img loading=\"lazy\" decoding=\"async\" width=\"750\" height=\"510\" src=\"https:\/\/officehotel.dk\/wp-content\/uploads\/2022\/03\/Billede_1200x1000_kantine-750x510.webp\" class=\"attachment-medium size-medium wp-image-12797\" alt=\"\" \/><\/div>\n\t\t<\/a>\n\t\t\t\t<div class=\"elementor-post__text\">\n\t\t\t\t<h3 class=\"elementor-post__title\">\n\t\t\t<a href=\"https:\/\/officehotel.dk\/en\/satellitkontor\/\" target=&quot;_blank&quot;>\n\t\t\t\tSatellitkontor\t\t\t<\/a>\n\t\t<\/h3>\n\t\t\t\t<div class=\"elementor-post__excerpt\">\n\t\t\t<p>Flere og flere virksomheder v\u00e6lger at t\u00e6nke anderledes, n\u00e5r det kommer til medarbejdernes fysiske arbejdspladser.<\/p>\n\t\t<\/div>\n\t\t\n\t\t<a class=\"elementor-post__read-more\" href=\"https:\/\/officehotel.dk\/en\/satellitkontor\/\" aria-label=\"Read more about Satellitkontor\" tabindex=\"-1\" target=\"_blank\">\n\t\t\tL\u00e6s mere \u00bb\t\t<\/a>\n\n\t\t\t\t<\/div>\n\t\t\t\t<\/article>\n\t\t\t\t<article class=\"elementor-post elementor-grid-item post-9092 page type-page status-publish has-post-thumbnail hentry category-artikel\" role=\"listitem\">\n\t\t\t\t<a class=\"elementor-post__thumbnail__link\" href=\"https:\/\/officehotel.dk\/en\/naar-din-virksomhed-vaekster\/\" tabindex=\"-1\" target=&quot;_blank&quot;>\n\t\t\t<div class=\"elementor-post__thumbnail\"><img loading=\"lazy\" decoding=\"async\" width=\"750\" height=\"510\" src=\"https:\/\/officehotel.dk\/wp-content\/uploads\/2021\/11\/Billede_750x510_naardinvirksomhedvaekster.webp\" class=\"attachment-medium size-medium wp-image-11912\" alt=\"\" \/><\/div>\n\t\t<\/a>\n\t\t\t\t<div class=\"elementor-post__text\">\n\t\t\t\t<h3 class=\"elementor-post__title\">\n\t\t\t<a href=\"https:\/\/officehotel.dk\/en\/naar-din-virksomhed-vaekster\/\" target=&quot;_blank&quot;>\n\t\t\t\tN\u00e5r din virksomhed v\u00e6kster\t\t\t<\/a>\n\t\t<\/h3>\n\t\t\t\t<div class=\"elementor-post__excerpt\">\n\t\t\t<p>Vi har flere lejere, der har flyttet kontorlokale p\u00e5 samme adresse. Det g\u00f8r de, enten<\/p>\n\t\t<\/div>\n\t\t\n\t\t<a class=\"elementor-post__read-more\" href=\"https:\/\/officehotel.dk\/en\/naar-din-virksomhed-vaekster\/\" aria-label=\"Read more about N\u00e5r din virksomhed v\u00e6kster\" tabindex=\"-1\" target=\"_blank\">\n\t\t\tL\u00e6s mere \u00bb\t\t<\/a>\n\n\t\t\t\t<\/div>\n\t\t\t\t<\/article>\n\t\t\t\t<article class=\"elementor-post elementor-grid-item post-9359 page type-page status-publish hentry category-artikel\" role=\"listitem\">\n\t\t\t\t<div class=\"elementor-post__text\">\n\t\t\t\t<h3 class=\"elementor-post__title\">\n\t\t\t<a href=\"https:\/\/officehotel.dk\/en\/lej-en-parkeringsplads\/\" target=&quot;_blank&quot;>\n\t\t\t\tLej en parkeringsplads\t\t\t<\/a>\n\t\t<\/h3>\n\t\t\t\t<div class=\"elementor-post__excerpt\">\n\t\t\t<p>Officehotel i Br\u00f8nsh\u00f8j NYHED! Vi kan tilbyde at leje en flydende eller fast plads i<\/p>\n\t\t<\/div>\n\t\t\n\t\t<a class=\"elementor-post__read-more\" href=\"https:\/\/officehotel.dk\/en\/lej-en-parkeringsplads\/\" aria-label=\"Read more about Lej en parkeringsplads\" tabindex=\"-1\" target=\"_blank\">\n\t\t\tL\u00e6s mere \u00bb\t\t<\/a>\n\n\t\t\t\t<\/div>\n\t\t\t\t<\/article>\n\t\t\t\t<\/div>\n\t\t\n\t\t\t\t\t\t<\/div>\n\t\t\t\t<\/div>\n\t\t\t\t<div class=\"elementor-element elementor-element-2d62db2 elementor-widget elementor-widget-spacer\" data-id=\"2d62db2\" data-element_type=\"widget\" data-e-type=\"widget\" data-widget_type=\"spacer.default\">\n\t\t\t\t<div class=\"elementor-widget-container\">\n\t\t\t\t\t\t\t<div class=\"elementor-spacer\">\n\t\t\t<div class=\"elementor-spacer-inner\"><\/div>\n\t\t<\/div>\n\t\t\t\t\t\t<\/div>\n\t\t\t\t<\/div>\n\t\t\t\t\t<\/div>\n\t\t<\/div>\n\t\t\t\t\t<\/div>\n\t\t<\/section>\n\t\t\t\t<\/div>\n\t\t","protected":false},"excerpt":{"rendered":"<p>Officehotel i Br\u00f8nsh\u00f8j NYHED! Vi kan tilbyde at leje en flydende eller fast plads i den spritnye p-k\u00e6lder i Br\u00f8nsh\u00f8j. Du kan ogs\u00e5 parkere i g\u00e5rden &#8211; bem\u00e6rk, der er begr\u00e6nset antal pladser. Som Officehotel lejer skal du registrere dit registreringsnummer &#8211; sp\u00f8rg venligst i receptionen, s\u00e5 hj\u00e6lper vi dig. Dine g\u00e6ster kan betale via [&hellip;]<\/p>\n","protected":false},"author":1,"featured_media":0,"parent":0,"menu_order":0,"comment_status":"closed","ping_status":"closed","template":"","meta":{"footnotes":""},"categories":[1],"tags":[],"class_list":["post-9359","page","type-page","status-publish","hentry","category-artikel"],"yoast_head":"<!-- This site is optimized with the Yoast SEO Premium plugin v27.3 (Yoast SEO v27.3) - https:\/\/yoast.com\/product\/yoast-seo-premium-wordpress\/ -->\n<title>Lej en parkeringsplads | Officehotel<\/title>\n<meta name=\"description\" content=\"Lej en parkeringsplads! \u00d8nsker du egen parkering, kan du leje en parkeringsplads p\u00e5 matriklen i Valby eller i parkeringsk\u00e6lderen i Br\u00f8nsh\u00f8j.\" \/>\n<meta name=\"robots\" content=\"index, follow, max-snippet:-1, max-image-preview:large, max-video-preview:-1\" \/>\n<link rel=\"canonical\" href=\"https:\/\/officehotel.dk\/en\/lej-en-parkeringsplads\/\" \/>\n<meta property=\"og:locale\" content=\"en_GB\" \/>\n<meta property=\"og:type\" content=\"article\" \/>\n<meta property=\"og:title\" content=\"Lej en parkeringsplads\" \/>\n<meta property=\"og:description\" content=\"Lej en parkeringsplads! \u00d8nsker du egen parkering, kan du leje en parkeringsplads p\u00e5 matriklen i Valby eller i parkeringsk\u00e6lderen i Br\u00f8nsh\u00f8j.\" \/>\n<meta property=\"og:url\" content=\"https:\/\/officehotel.dk\/en\/lej-en-parkeringsplads\/\" \/>\n<meta property=\"og:site_name\" content=\"Officehotel\" \/>\n<meta property=\"article:publisher\" content=\"https:\/\/www.facebook.com\/officehotel.dk\/\" \/>\n<meta property=\"article:modified_time\" content=\"2025-01-17T14:49:14+00:00\" \/>\n<meta property=\"og:image\" content=\"https:\/\/officehotel.dk\/wp-content\/uploads\/2021\/09\/parkering_red.webp\" \/>\n\t<meta property=\"og:image:width\" content=\"1920\" \/>\n\t<meta property=\"og:image:height\" content=\"1085\" \/>\n\t<meta property=\"og:image:type\" content=\"image\/webp\" \/>\n<meta name=\"twitter:card\" content=\"summary_large_image\" \/>\n<meta name=\"twitter:label1\" content=\"Estimated reading time\" \/>\n\t<meta name=\"twitter:data1\" content=\"7 minutes\" \/>\n<script type=\"application\/ld+json\" class=\"yoast-schema-graph\">{\"@context\":\"https:\\\/\\\/schema.org\",\"@graph\":[{\"@type\":\"WebPage\",\"@id\":\"https:\\\/\\\/officehotel.dk\\\/lej-en-parkeringsplads\\\/\",\"url\":\"https:\\\/\\\/officehotel.dk\\\/lej-en-parkeringsplads\\\/\",\"name\":\"Lej en parkeringsplads | Officehotel\",\"isPartOf\":{\"@id\":\"https:\\\/\\\/officehotel.dk\\\/#website\"},\"datePublished\":\"2021-08-26T10:40:42+00:00\",\"dateModified\":\"2025-01-17T14:49:14+00:00\",\"description\":\"Lej en parkeringsplads! \u00d8nsker du egen parkering, kan du leje en parkeringsplads p\u00e5 matriklen i Valby eller i parkeringsk\u00e6lderen i Br\u00f8nsh\u00f8j.\",\"breadcrumb\":{\"@id\":\"https:\\\/\\\/officehotel.dk\\\/lej-en-parkeringsplads\\\/#breadcrumb\"},\"inLanguage\":\"en-GB\",\"potentialAction\":[{\"@type\":\"ReadAction\",\"target\":[\"https:\\\/\\\/officehotel.dk\\\/lej-en-parkeringsplads\\\/\"]}]},{\"@type\":\"BreadcrumbList\",\"@id\":\"https:\\\/\\\/officehotel.dk\\\/lej-en-parkeringsplads\\\/#breadcrumb\",\"itemListElement\":[{\"@type\":\"ListItem\",\"position\":1,\"name\":\"Hjem\",\"item\":\"https:\\\/\\\/officehotel.dk\\\/\"},{\"@type\":\"ListItem\",\"position\":2,\"name\":\"Lej en parkeringsplads\"}]},{\"@type\":\"WebSite\",\"@id\":\"https:\\\/\\\/officehotel.dk\\\/#website\",\"url\":\"https:\\\/\\\/officehotel.dk\\\/\",\"name\":\"Officehotel\",\"description\":\"Kontorhotel med \u00e6rlige priser\",\"publisher\":{\"@id\":\"https:\\\/\\\/officehotel.dk\\\/#organization\"},\"potentialAction\":[{\"@type\":\"SearchAction\",\"target\":{\"@type\":\"EntryPoint\",\"urlTemplate\":\"https:\\\/\\\/officehotel.dk\\\/?s={search_term_string}\"},\"query-input\":{\"@type\":\"PropertyValueSpecification\",\"valueRequired\":true,\"valueName\":\"search_term_string\"}}],\"inLanguage\":\"en-GB\"},{\"@type\":\"Organization\",\"@id\":\"https:\\\/\\\/officehotel.dk\\\/#organization\",\"name\":\"Officehotel\",\"url\":\"https:\\\/\\\/officehotel.dk\\\/\",\"logo\":{\"@type\":\"ImageObject\",\"inLanguage\":\"en-GB\",\"@id\":\"https:\\\/\\\/officehotel.dk\\\/#\\\/schema\\\/logo\\\/image\\\/\",\"url\":\"https:\\\/\\\/officehotel.dk\\\/wp-content\\\/uploads\\\/2022\\\/05\\\/LogoOfficehotel_ny.png\",\"contentUrl\":\"https:\\\/\\\/officehotel.dk\\\/wp-content\\\/uploads\\\/2022\\\/05\\\/LogoOfficehotel_ny.png\",\"width\":350,\"height\":100,\"caption\":\"Officehotel\"},\"image\":{\"@id\":\"https:\\\/\\\/officehotel.dk\\\/#\\\/schema\\\/logo\\\/image\\\/\"},\"sameAs\":[\"https:\\\/\\\/www.facebook.com\\\/officehotel.dk\\\/\",\"https:\\\/\\\/www.instagram.com\\\/officehotel.dk\\\/?hl=da\",\"https:\\\/\\\/dk.linkedin.com\\\/company\\\/officehotel\",\"https:\\\/\\\/www.youtube.com\\\/channel\\\/UCivtr-jB0TSKtcnBNKT4R-Q\\\/featured\"]}]}<\/script>\n<!-- \/ Yoast SEO Premium plugin. -->","yoast_head_json":{"title":"Lej en parkeringsplads | Officehotel","description":"Lej en parkeringsplads! \u00d8nsker du egen parkering, kan du leje en parkeringsplads p\u00e5 matriklen i Valby eller i parkeringsk\u00e6lderen i Br\u00f8nsh\u00f8j.","robots":{"index":"index","follow":"follow","max-snippet":"max-snippet:-1","max-image-preview":"max-image-preview:large","max-video-preview":"max-video-preview:-1"},"canonical":"https:\/\/officehotel.dk\/en\/lej-en-parkeringsplads\/","og_locale":"en_GB","og_type":"article","og_title":"Lej en parkeringsplads","og_description":"Lej en parkeringsplads! \u00d8nsker du egen parkering, kan du leje en parkeringsplads p\u00e5 matriklen i Valby eller i parkeringsk\u00e6lderen i Br\u00f8nsh\u00f8j.","og_url":"https:\/\/officehotel.dk\/en\/lej-en-parkeringsplads\/","og_site_name":"Officehotel","article_publisher":"https:\/\/www.facebook.com\/officehotel.dk\/","article_modified_time":"2025-01-17T14:49:14+00:00","og_image":[{"width":1920,"height":1085,"url":"https:\/\/officehotel.dk\/wp-content\/uploads\/2021\/09\/parkering_red.webp","type":"image\/webp"}],"twitter_card":"summary_large_image","twitter_misc":{"Estimated reading time":"7 minutes"},"schema":{"@context":"https:\/\/schema.org","@graph":[{"@type":"WebPage","@id":"https:\/\/officehotel.dk\/lej-en-parkeringsplads\/","url":"https:\/\/officehotel.dk\/lej-en-parkeringsplads\/","name":"Lej en parkeringsplads | Officehotel","isPartOf":{"@id":"https:\/\/officehotel.dk\/#website"},"datePublished":"2021-08-26T10:40:42+00:00","dateModified":"2025-01-17T14:49:14+00:00","description":"Lej en parkeringsplads! \u00d8nsker du egen parkering, kan du leje en parkeringsplads p\u00e5 matriklen i Valby eller i parkeringsk\u00e6lderen i Br\u00f8nsh\u00f8j.","breadcrumb":{"@id":"https:\/\/officehotel.dk\/lej-en-parkeringsplads\/#breadcrumb"},"inLanguage":"en-GB","potentialAction":[{"@type":"ReadAction","target":["https:\/\/officehotel.dk\/lej-en-parkeringsplads\/"]}]},{"@type":"BreadcrumbList","@id":"https:\/\/officehotel.dk\/lej-en-parkeringsplads\/#breadcrumb","itemListElement":[{"@type":"ListItem","position":1,"name":"Hjem","item":"https:\/\/officehotel.dk\/"},{"@type":"ListItem","position":2,"name":"Lej en parkeringsplads"}]},{"@type":"WebSite","@id":"https:\/\/officehotel.dk\/#website","url":"https:\/\/officehotel.dk\/","name":"Officehotel","description":"Kontorhotel med \u00e6rlige priser","publisher":{"@id":"https:\/\/officehotel.dk\/#organization"},"potentialAction":[{"@type":"SearchAction","target":{"@type":"EntryPoint","urlTemplate":"https:\/\/officehotel.dk\/?s={search_term_string}"},"query-input":{"@type":"PropertyValueSpecification","valueRequired":true,"valueName":"search_term_string"}}],"inLanguage":"en-GB"},{"@type":"Organization","@id":"https:\/\/officehotel.dk\/#organization","name":"Officehotel","url":"https:\/\/officehotel.dk\/","logo":{"@type":"ImageObject","inLanguage":"en-GB","@id":"https:\/\/officehotel.dk\/#\/schema\/logo\/image\/","url":"https:\/\/officehotel.dk\/wp-content\/uploads\/2022\/05\/LogoOfficehotel_ny.png","contentUrl":"https:\/\/officehotel.dk\/wp-content\/uploads\/2022\/05\/LogoOfficehotel_ny.png","width":350,"height":100,"caption":"Officehotel"},"image":{"@id":"https:\/\/officehotel.dk\/#\/schema\/logo\/image\/"},"sameAs":["https:\/\/www.facebook.com\/officehotel.dk\/","https:\/\/www.instagram.com\/officehotel.dk\/?hl=da","https:\/\/dk.linkedin.com\/company\/officehotel","https:\/\/www.youtube.com\/channel\/UCivtr-jB0TSKtcnBNKT4R-Q\/featured"]}]}},"_links":{"self":[{"href":"https:\/\/officehotel.dk\/en\/wp-json\/wp\/v2\/pages\/9359","targetHints":{"allow":["GET"]}}],"collection":[{"href":"https:\/\/officehotel.dk\/en\/wp-json\/wp\/v2\/pages"}],"about":[{"href":"https:\/\/officehotel.dk\/en\/wp-json\/wp\/v2\/types\/page"}],"author":[{"embeddable":true,"href":"https:\/\/officehotel.dk\/en\/wp-json\/wp\/v2\/users\/1"}],"replies":[{"embeddable":true,"href":"https:\/\/officehotel.dk\/en\/wp-json\/wp\/v2\/comments?post=9359"}],"version-history":[{"count":187,"href":"https:\/\/officehotel.dk\/en\/wp-json\/wp\/v2\/pages\/9359\/revisions"}],"predecessor-version":[{"id":17354,"href":"https:\/\/officehotel.dk\/en\/wp-json\/wp\/v2\/pages\/9359\/revisions\/17354"}],"wp:attachment":[{"href":"https:\/\/officehotel.dk\/en\/wp-json\/wp\/v2\/media?parent=9359"}],"wp:term":[{"taxonomy":"category","embeddable":true,"href":"https:\/\/officehotel.dk\/en\/wp-json\/wp\/v2\/categories?post=9359"},{"taxonomy":"post_tag","embeddable":true,"href":"https:\/\/officehotel.dk\/en\/wp-json\/wp\/v2\/tags?post=9359"}],"curies":[{"name":"wp","href":"https:\/\/api.w.org\/{rel}","templated":true}]}}